{"id":10399,"date":"2019-06-18T06:15:17","date_gmt":"2019-06-18T06:15:17","guid":{"rendered":"http:\/\/nutrical-demo.creativesplanet.com\/nutrition\/?page_id=10399"},"modified":"2022-07-13T11:28:31","modified_gmt":"2022-07-13T11:28:31","slug":"blog","status":"publish","type":"page","link":"https:\/\/foodiesnutrition.ro\/hu\/blog\/","title":{"rendered":"Blog"},"content":{"rendered":"<div class=\"vc_row wpb_row vc_row-fluid cspt-row cspt-bg-color-yes cspt-bg-color-white cspt-zindex-zero\">\r\n\t\t\t<div class=\"wpb_column vc_column_container vc_col-sm-12 cspt-column cspt-bg-color-yes cspt-bg-color-transparent cspt-zindex-zero\">\r\n\t<div class=\"vc_column-inner\">\r\n\t\t\t<div class=\"wpb_wrapper\">\r\n\t\t\t<div  class=\"creativesplanet-element creativesplanet-element-blog cspt-element-blog-style-3 creativesplanet-element-viewtype-row-column cspt-sortable-no\" data-show=\"-1\" data-columns=\"2\" data-loop=\"false\" data-autoplay=\"false\" data-center=\"false\" data-nav=\"false\" data-dots=\"false\" data-autoplayspeed=\"1000\" data-margin=\"\"><div class=\"creativesplanet-element-inner\"><div class=\"cspt-ele-header-area\"><\/div><div class=\"cspt-element-posts-wrapper row multi-columns-row\"><div class=\"cspt-ele cspt-blog-ele col-md-6 nutritie\"><article class=\"creativesplanet-ele creativesplanet-ele-blog creativesplanet-ele-odd cspt-blogbox-style-3 post-8174 post type-post status-publish format-standard has-post-thumbnail hentry category-nutritie tag-dieta-bazata-pe-plante tag-proteine\">\r\n\t<div class=\"post-item\">\r\n\t\t\t\t<div class=\"cspt-featured-container\">\r\n\t\t\t<div class=\"cspt-featured-wrapper\"><a href=\"https:\/\/foodiesnutrition.ro\/hu\/inceperea-unei-diete-bazate-pe-plante\/\"><img loading=\"lazy\" decoding=\"async\" width=\"770\" height=\"500\" src=\"https:\/\/foodiesnutrition.ro\/wp-content\/uploads\/2022\/07\/fresh-770x500.jpg\" class=\"attachment-cspt-img-770x500 size-cspt-img-770x500 wp-post-image\" alt=\"\" data-id=\"11293\" \/><\/a><\/div>\t\t\t\t\r\n\t\t\t<div class=\"cspt-meta-date\">27<span>j\u00fal<\/span><\/div>\t\r\n\t\t<\/div>\r\n\t\t\t\t<div class=\"creativesplanet-box-content\">\t\r\n\t\t\t<div class=\"cspt-meta-container\">\r\n\t\t\t\t<div class=\"cspt-meta-category\"><a href=\"https:\/\/foodiesnutrition.ro\/hu\/category\/nutritie\/\" rel=\"category tag\">T\u00e1pl\u00e1lkoz\u00e1s<\/a><\/div>\t\r\n\t\t\t<\/div>\r\n\t\t\t<h3 class=\"cspt-post-title\"><a href=\"https:\/\/foodiesnutrition.ro\/hu\/inceperea-unei-diete-bazate-pe-plante\/\">N\u00f6v\u00e9nyi alap\u00fa \u00e9trend megkezd\u00e9se \u00e9s 4 tipp.<\/a><\/h3>\r\n\t\t\t<div class=\"creativesplanet-box-desc\">\r\n\t\t\t\t<div class=\"creativesplanet-box-desc-text\">\r\n\t\t\t\t\tMi az a n\u00f6v\u00e9nyi alap\u00fa \u00e9trend? A n\u00f6v\u00e9nyi alap\u00fa \u00e9trendnek nincs egys\u00e9ges defin\u00edci\u00f3ja....\t\t\t\t<\/div>\r\n\t\t\t\t<div class=\"d-flex cspt-post-link align-middle\">\r\n\t\t\t\t\t<div class=\"cspt-read-more-link\"><a href=\"https:\/\/foodiesnutrition.ro\/hu\/inceperea-unei-diete-bazate-pe-plante\/\">Read More<\/a><\/div>\t\r\n\t\t\t\t\t<div class=\"cspt-meta-comments-wrapper cspt-meta-line ml-auto\">\t\r\n\t\t\t\t\t\t<i class=\"cspt-base-icon-comment-empty\"><\/i> <span class=\"cspt-meta cspt-meta-comments\">0<\/span>\r\n\t\t\t\t\t<\/div>\r\n\t\t\t\t<\/div>\t\r\n\t\t\t<\/div>\r\n\t\t<\/div>\r\n\t\t\t<\/div>\r\n<\/article>\r\n<\/div><div class=\"cspt-ele cspt-blog-ele col-md-6 nutritie\"><article class=\"creativesplanet-ele creativesplanet-ele-blog creativesplanet-ele-even cspt-blogbox-style-3 post-1548 post type-post status-publish format-standard has-post-thumbnail hentry category-nutritie tag-mic-dejun tag-mic-dejun-echilibrat\">\r\n\t<div class=\"post-item\">\r\n\t\t\t\t<div class=\"creativesplanet-box-content\">\t\r\n\t\t\t<div class=\"cspt-meta-container\">\r\n\t\t\t\t<div class=\"cspt-meta-category\"><a href=\"https:\/\/foodiesnutrition.ro\/hu\/category\/nutritie\/\" rel=\"category tag\">T\u00e1pl\u00e1lkoz\u00e1s<\/a><\/div>\t\r\n\t\t\t<\/div>\r\n\t\t\t<h3 class=\"cspt-post-title\"><a href=\"https:\/\/foodiesnutrition.ro\/hu\/editia-mic-dejun-pe-balcon\/\">\u2018Reggeli a teraszon\u2019 kiad\u00e1s<\/a><\/h3>\r\n\t\t\t<div class=\"creativesplanet-box-desc\">\r\n\t\t\t\t<div class=\"creativesplanet-box-desc-text\">\r\n\t\t\t\t\tEgy kiegyens\u00falyozott reggeli legal\u00e1bb 2 lentebb emlitett t\u00e1pl\u00e1lekot tartalmaz.\t\t\t\t<\/div>\r\n\t\t\t\t<div class=\"d-flex cspt-post-link align-middle\">\r\n\t\t\t\t\t<div class=\"cspt-read-more-link\"><a href=\"https:\/\/foodiesnutrition.ro\/hu\/editia-mic-dejun-pe-balcon\/\">Read More<\/a><\/div>\t\r\n\t\t\t\t\t<div class=\"cspt-meta-comments-wrapper cspt-meta-line ml-auto\">\t\r\n\t\t\t\t\t\t<i class=\"cspt-base-icon-comment-empty\"><\/i> <span class=\"cspt-meta cspt-meta-comments\">0<\/span>\r\n\t\t\t\t\t<\/div>\r\n\t\t\t\t<\/div>\t\r\n\t\t\t<\/div>\r\n\t\t<\/div>\r\n\t\t\t\t<div class=\"cspt-featured-container\">\r\n\t\t\t<div class=\"cspt-featured-wrapper\"><a href=\"https:\/\/foodiesnutrition.ro\/hu\/editia-mic-dejun-pe-balcon\/\"><img loading=\"lazy\" decoding=\"async\" width=\"770\" height=\"399\" src=\"https:\/\/foodiesnutrition.ro\/wp-content\/uploads\/2022\/07\/mic-dejun-echilibrat-770x399.png\" class=\"attachment-cspt-img-770x500 size-cspt-img-770x500 wp-post-image\" alt=\"\" data-id=\"11578\" \/><\/a><\/div>\t\t\t\t\r\n\t\t\t<div class=\"cspt-meta-date\">25<span>j\u00fal<\/span><\/div>\t\r\n\t\t<\/div>\r\n\t\t\t<\/div>\r\n<\/article>\r\n<\/div><div class=\"cspt-ele cspt-blog-ele col-md-6 nutritie\"><article class=\"creativesplanet-ele creativesplanet-ele-blog creativesplanet-ele-odd cspt-blogbox-style-3 post-8695 post type-post status-publish format-standard has-post-thumbnail hentry category-nutritie tag-pierderea-de-grasime tag-pierderea-in-greutate\">\r\n\t<div class=\"post-item\">\r\n\t\t\t\t<div class=\"cspt-featured-container\">\r\n\t\t\t<div class=\"cspt-featured-wrapper\"><a href=\"https:\/\/foodiesnutrition.ro\/hu\/5-ways-to-maintain-health-blood-sugar\/\"><img loading=\"lazy\" decoding=\"async\" width=\"750\" height=\"500\" src=\"https:\/\/foodiesnutrition.ro\/wp-content\/uploads\/2019\/04\/young-woman-measuring-her-waist-scaled.jpg\" class=\"attachment-cspt-img-770x500 size-cspt-img-770x500 wp-post-image\" alt=\"\" srcset=\"https:\/\/foodiesnutrition.ro\/wp-content\/uploads\/2019\/04\/young-woman-measuring-her-waist-scaled.jpg 2560w, https:\/\/foodiesnutrition.ro\/wp-content\/uploads\/2019\/04\/young-woman-measuring-her-waist-300x200.jpg 300w, https:\/\/foodiesnutrition.ro\/wp-content\/uploads\/2019\/04\/young-woman-measuring-her-waist-1024x683.jpg 1024w, https:\/\/foodiesnutrition.ro\/wp-content\/uploads\/2019\/04\/young-woman-measuring-her-waist-768x512.jpg 768w\" sizes=\"auto, (max-width: 750px) 100vw, 750px\" data-id=\"11242\" \/><\/a><\/div>\t\t\t\t\r\n\t\t\t<div class=\"cspt-meta-date\">11<span>j\u00fal<\/span><\/div>\t\r\n\t\t<\/div>\r\n\t\t\t\t<div class=\"creativesplanet-box-content\">\t\r\n\t\t\t<div class=\"cspt-meta-container\">\r\n\t\t\t\t<div class=\"cspt-meta-category\"><a href=\"https:\/\/foodiesnutrition.ro\/hu\/category\/nutritie\/\" rel=\"category tag\">T\u00e1pl\u00e1lkoz\u00e1s<\/a><\/div>\t\r\n\t\t\t<\/div>\r\n\t\t\t<h3 class=\"cspt-post-title\"><a href=\"https:\/\/foodiesnutrition.ro\/hu\/5-ways-to-maintain-health-blood-sugar\/\">S\u00falyveszt\u00e9s vs zs\u00edr\u00e9get\u00e9s<\/a><\/h3>\r\n\t\t\t<div class=\"creativesplanet-box-desc\">\r\n\t\t\t\t<div class=\"creativesplanet-box-desc-text\">\r\n\t\t\t\t\tS\u00falyveszt\u00e9s  vs zs\u00edr\u00e9get\u00e9s: a k\u00fcl\u00f6nbs\u00e9g magyar\u00e1zata. Az internet tele van olyan tervekkel, amelyek c\u00e9lja, hogy...\t\t\t\t<\/div>\r\n\t\t\t\t<div class=\"d-flex cspt-post-link align-middle\">\r\n\t\t\t\t\t<div class=\"cspt-read-more-link\"><a href=\"https:\/\/foodiesnutrition.ro\/hu\/5-ways-to-maintain-health-blood-sugar\/\">Read More<\/a><\/div>\t\r\n\t\t\t\t\t<div class=\"cspt-meta-comments-wrapper cspt-meta-line ml-auto\">\t\r\n\t\t\t\t\t\t<i class=\"cspt-base-icon-comment-empty\"><\/i> <span class=\"cspt-meta cspt-meta-comments\">0<\/span>\r\n\t\t\t\t\t<\/div>\r\n\t\t\t\t<\/div>\t\r\n\t\t\t<\/div>\r\n\t\t<\/div>\r\n\t\t\t<\/div>\r\n<\/article>\r\n<\/div><div class=\"cspt-ele cspt-blog-ele col-md-6 nutritie\"><article class=\"creativesplanet-ele creativesplanet-ele-blog creativesplanet-ele-even cspt-blogbox-style-3 post-8696 post type-post status-publish format-standard has-post-thumbnail hentry category-nutritie tag-fisticul tag-fisticul-prajit\">\r\n\t<div class=\"post-item\">\r\n\t\t\t\t<div class=\"creativesplanet-box-content\">\t\r\n\t\t\t<div class=\"cspt-meta-container\">\r\n\t\t\t\t<div class=\"cspt-meta-category\"><a href=\"https:\/\/foodiesnutrition.ro\/hu\/category\/nutritie\/\" rel=\"category tag\">T\u00e1pl\u00e1lkoz\u00e1s<\/a><\/div>\t\r\n\t\t\t<\/div>\r\n\t\t\t<h3 class=\"cspt-post-title\"><a href=\"https:\/\/foodiesnutrition.ro\/hu\/fisticul-si-beneficiile-sale-pentru-sanatate\/\">Piszt\u00e1cia \u00e9s eg\u00e9szs\u00e9g\u00fcgyi el\u0151nyei<\/a><\/h3>\r\n\t\t\t<div class=\"creativesplanet-box-desc\">\r\n\t\t\t\t<div class=\"creativesplanet-box-desc-text\">\r\n\t\t\t\t\tFisticul \u0219i beneficiile sale pentru s\u0103n\u0103tate. Valoare nutritiv\u0103 a fisticului.\u00cen compara\u021bie cu alte fructe cu coaj\u0103 lemnoas\u0103, fisticul&hellip;\t\t\t\t<\/div>\r\n\t\t\t\t<div class=\"d-flex cspt-post-link align-middle\">\r\n\t\t\t\t\t<div class=\"cspt-read-more-link\"><a href=\"https:\/\/foodiesnutrition.ro\/hu\/fisticul-si-beneficiile-sale-pentru-sanatate\/\">Read More<\/a><\/div>\t\r\n\t\t\t\t\t<div class=\"cspt-meta-comments-wrapper cspt-meta-line ml-auto\">\t\r\n\t\t\t\t\t\t<i class=\"cspt-base-icon-comment-empty\"><\/i> <span class=\"cspt-meta cspt-meta-comments\">0<\/span>\r\n\t\t\t\t\t<\/div>\r\n\t\t\t\t<\/div>\t\r\n\t\t\t<\/div>\r\n\t\t<\/div>\r\n\t\t\t\t<div class=\"cspt-featured-container\">\r\n\t\t\t<div class=\"cspt-featured-wrapper\"><a href=\"https:\/\/foodiesnutrition.ro\/hu\/fisticul-si-beneficiile-sale-pentru-sanatate\/\"><img loading=\"lazy\" decoding=\"async\" width=\"750\" height=\"500\" src=\"https:\/\/foodiesnutrition.ro\/wp-content\/uploads\/2019\/05\/fistic-scaled.jpg\" class=\"attachment-cspt-img-770x500 size-cspt-img-770x500 wp-post-image\" alt=\"\" srcset=\"https:\/\/foodiesnutrition.ro\/wp-content\/uploads\/2019\/05\/fistic-scaled.jpg 2560w, https:\/\/foodiesnutrition.ro\/wp-content\/uploads\/2019\/05\/fistic-300x200.jpg 300w, https:\/\/foodiesnutrition.ro\/wp-content\/uploads\/2019\/05\/fistic-1024x683.jpg 1024w, https:\/\/foodiesnutrition.ro\/wp-content\/uploads\/2019\/05\/fistic-768x512.jpg 768w\" sizes=\"auto, (max-width: 750px) 100vw, 750px\" data-id=\"11223\" \/><\/a><\/div>\t\t\t\t\r\n\t\t\t<div class=\"cspt-meta-date\">11<span>j\u00fal<\/span><\/div>\t\r\n\t\t<\/div>\r\n\t\t\t<\/div>\r\n<\/article>\r\n<\/div><div class=\"cspt-ele cspt-blog-ele col-md-6 retete\"><article class=\"creativesplanet-ele creativesplanet-ele-blog creativesplanet-ele-odd cspt-blogbox-style-3 post-10454 post type-post status-publish format-standard has-post-thumbnail hentry category-retete tag-praz tag-supa-vegana\">\r\n\t<div class=\"post-item\">\r\n\t\t\t\t<div class=\"cspt-featured-container\">\r\n\t\t\t<div class=\"cspt-featured-wrapper\"><a href=\"https:\/\/foodiesnutrition.ro\/hu\/supa-vegana-cu-praz\/\"><img loading=\"lazy\" decoding=\"async\" width=\"643\" height=\"428\" src=\"https:\/\/foodiesnutrition.ro\/wp-content\/uploads\/2019\/06\/supa-vegan.jpg\" class=\"attachment-cspt-img-770x500 size-cspt-img-770x500 wp-post-image\" alt=\"\" srcset=\"https:\/\/foodiesnutrition.ro\/wp-content\/uploads\/2019\/06\/supa-vegan.jpg 643w, https:\/\/foodiesnutrition.ro\/wp-content\/uploads\/2019\/06\/supa-vegan-300x200.jpg 300w, https:\/\/foodiesnutrition.ro\/wp-content\/uploads\/2019\/06\/supa-vegan-600x399.jpg 600w\" sizes=\"auto, (max-width: 643px) 100vw, 643px\" data-id=\"11377\" \/><\/a><\/div>\t\t\t\t\r\n\t\t\t<div class=\"cspt-meta-date\">27<span>j\u00fal<\/span><\/div>\t\r\n\t\t<\/div>\r\n\t\t\t\t<div class=\"creativesplanet-box-content\">\t\r\n\t\t\t<div class=\"cspt-meta-container\">\r\n\t\t\t\t<div class=\"cspt-meta-category\"><a href=\"https:\/\/foodiesnutrition.ro\/hu\/category\/retete\/\" rel=\"category tag\">Receptek<\/a><\/div>\t\r\n\t\t\t<\/div>\r\n\t\t\t<h3 class=\"cspt-post-title\"><a href=\"https:\/\/foodiesnutrition.ro\/hu\/supa-vegana-cu-praz\/\">Veg\u00e1n leves p\u00f3r\u00e9hagym\u00e1val<\/a><\/h3>\r\n\t\t\t<div class=\"creativesplanet-box-desc\">\r\n\t\t\t\t<div class=\"creativesplanet-box-desc-text\">\r\n\t\t\t\t\tMeleg\u00edts\u00fck fel az olajat egy nagy serpeny\u0151ben magas h\u0151fokon. Adja hozz\u00e1 a hagym\u00e1t. 16 hozz\u00e1val\u00f3 60 ml (1\/4 cs\u00e9sze) ol\u00edvaolaj...\t\t\t\t<\/div>\r\n\t\t\t\t<div class=\"d-flex cspt-post-link align-middle\">\r\n\t\t\t\t\t<div class=\"cspt-read-more-link\"><a href=\"https:\/\/foodiesnutrition.ro\/hu\/supa-vegana-cu-praz\/\">Read More<\/a><\/div>\t\r\n\t\t\t\t\t<div class=\"cspt-meta-comments-wrapper cspt-meta-line ml-auto\">\t\r\n\t\t\t\t\t\t<i class=\"cspt-base-icon-comment-empty\"><\/i> <span class=\"cspt-meta cspt-meta-comments\">0<\/span>\r\n\t\t\t\t\t<\/div>\r\n\t\t\t\t<\/div>\t\r\n\t\t\t<\/div>\r\n\t\t<\/div>\r\n\t\t\t<\/div>\r\n<\/article>\r\n<\/div><div class=\"cspt-ele cspt-blog-ele col-md-6 retete\"><article class=\"creativesplanet-ele creativesplanet-ele-blog creativesplanet-ele-even cspt-blogbox-style-3 post-6941 post type-post status-publish format-standard has-post-thumbnail hentry category-retete tag-avocado tag-proteine\">\r\n\t<div class=\"post-item\">\r\n\t\t\t\t<div class=\"creativesplanet-box-content\">\t\r\n\t\t\t<div class=\"cspt-meta-container\">\r\n\t\t\t\t<div class=\"cspt-meta-category\"><a href=\"https:\/\/foodiesnutrition.ro\/hu\/category\/retete\/\" rel=\"category tag\">Receptek<\/a><\/div>\t\r\n\t\t\t<\/div>\r\n\t\t\t<h3 class=\"cspt-post-title\"><a href=\"https:\/\/foodiesnutrition.ro\/hu\/musaca-de-ton-cu-legume\/\">Tonhal mousse z\u00f6lds\u00e9ggel<\/a><\/h3>\r\n\t\t\t<div class=\"creativesplanet-box-desc\">\r\n\t\t\t\t<div class=\"creativesplanet-box-desc-text\">\r\n\t\t\t\t\tMeleg\u00edts\u00fck el\u0151 a s\u00fct\u0151t 180C-ra, ventil\u00e1torral. F\u00fajjon be egy 2 literes tepsit olajjal.\t\t\t\t<\/div>\r\n\t\t\t\t<div class=\"d-flex cspt-post-link align-middle\">\r\n\t\t\t\t\t<div class=\"cspt-read-more-link\"><a href=\"https:\/\/foodiesnutrition.ro\/hu\/musaca-de-ton-cu-legume\/\">Read More<\/a><\/div>\t\r\n\t\t\t\t\t<div class=\"cspt-meta-comments-wrapper cspt-meta-line ml-auto\">\t\r\n\t\t\t\t\t\t<i class=\"cspt-base-icon-comment-empty\"><\/i> <span class=\"cspt-meta cspt-meta-comments\">0<\/span>\r\n\t\t\t\t\t<\/div>\r\n\t\t\t\t<\/div>\t\r\n\t\t\t<\/div>\r\n\t\t<\/div>\r\n\t\t\t\t<div class=\"cspt-featured-container\">\r\n\t\t\t<div class=\"cspt-featured-wrapper\"><a href=\"https:\/\/foodiesnutrition.ro\/hu\/musaca-de-ton-cu-legume\/\"><img loading=\"lazy\" decoding=\"async\" width=\"643\" height=\"428\" src=\"https:\/\/foodiesnutrition.ro\/wp-content\/uploads\/2019\/06\/ton.jpg\" class=\"attachment-cspt-img-770x500 size-cspt-img-770x500 wp-post-image\" alt=\"\" srcset=\"https:\/\/foodiesnutrition.ro\/wp-content\/uploads\/2019\/06\/ton.jpg 643w, https:\/\/foodiesnutrition.ro\/wp-content\/uploads\/2019\/06\/ton-300x200.jpg 300w, https:\/\/foodiesnutrition.ro\/wp-content\/uploads\/2019\/06\/ton-600x399.jpg 600w\" sizes=\"auto, (max-width: 643px) 100vw, 643px\" data-id=\"11329\" \/><\/a><\/div>\t\t\t\t\r\n\t\t\t<div class=\"cspt-meta-date\">27<span>j\u00fal<\/span><\/div>\t\r\n\t\t<\/div>\r\n\t\t\t<\/div>\r\n<\/article>\r\n<\/div><div class=\"cspt-ele cspt-blog-ele col-md-6 retete\"><article class=\"creativesplanet-ele creativesplanet-ele-blog creativesplanet-ele-odd cspt-blogbox-style-3 post-8698 post type-post status-publish format-standard has-post-thumbnail hentry category-retete tag-avocado tag-prosciutto tag-salata-caesar\">\r\n\t<div class=\"post-item\">\r\n\t\t\t\t<div class=\"cspt-featured-container\">\r\n\t\t\t<div class=\"cspt-featured-wrapper\"><a href=\"https:\/\/foodiesnutrition.ro\/hu\/salata-caesar\/\"><img loading=\"lazy\" decoding=\"async\" width=\"643\" height=\"428\" src=\"https:\/\/foodiesnutrition.ro\/wp-content\/uploads\/2019\/06\/salata-caesar.jpg\" class=\"attachment-cspt-img-770x500 size-cspt-img-770x500 wp-post-image\" alt=\"\" srcset=\"https:\/\/foodiesnutrition.ro\/wp-content\/uploads\/2019\/06\/salata-caesar.jpg 643w, https:\/\/foodiesnutrition.ro\/wp-content\/uploads\/2019\/06\/salata-caesar-300x200.jpg 300w, https:\/\/foodiesnutrition.ro\/wp-content\/uploads\/2019\/06\/salata-caesar-600x399.jpg 600w\" sizes=\"auto, (max-width: 643px) 100vw, 643px\" data-id=\"11387\" \/><\/a><\/div>\t\t\t\t\r\n\t\t\t<div class=\"cspt-meta-date\">27<span>j\u00fal<\/span><\/div>\t\r\n\t\t<\/div>\r\n\t\t\t\t<div class=\"creativesplanet-box-content\">\t\r\n\t\t\t<div class=\"cspt-meta-container\">\r\n\t\t\t\t<div class=\"cspt-meta-category\"><a href=\"https:\/\/foodiesnutrition.ro\/hu\/category\/retete\/\" rel=\"category tag\">Receptek<\/a><\/div>\t\r\n\t\t\t<\/div>\r\n\t\t\t<h3 class=\"cspt-post-title\"><a href=\"https:\/\/foodiesnutrition.ro\/hu\/salata-caesar\/\">C\u00e9z\u00e1r sal\u00e1ta<\/a><\/h3>\r\n\t\t\t<div class=\"creativesplanet-box-desc\">\r\n\t\t\t\t<div class=\"creativesplanet-box-desc-text\">\r\n\t\t\t\t\tMeleg\u00edts\u00fck el\u0151 a s\u00fct\u0151t 200C\/180C-ra ventil\u00e1torral. B\u00e9lelj\u00fcnk ki 2 tepsit s\u00fct\u0151pap\u00edrral.\t\t\t\t<\/div>\r\n\t\t\t\t<div class=\"d-flex cspt-post-link align-middle\">\r\n\t\t\t\t\t<div class=\"cspt-read-more-link\"><a href=\"https:\/\/foodiesnutrition.ro\/hu\/salata-caesar\/\">Read More<\/a><\/div>\t\r\n\t\t\t\t\t<div class=\"cspt-meta-comments-wrapper cspt-meta-line ml-auto\">\t\r\n\t\t\t\t\t\t<i class=\"cspt-base-icon-comment-empty\"><\/i> <span class=\"cspt-meta cspt-meta-comments\">0<\/span>\r\n\t\t\t\t\t<\/div>\r\n\t\t\t\t<\/div>\t\r\n\t\t\t<\/div>\r\n\t\t<\/div>\r\n\t\t\t<\/div>\r\n<\/article>\r\n<\/div><\/div><\/div><!-- .creativesplanet-element-inner -->   <\/div><!-- .creativesplanet-element -->  \t\t<\/div>\r\n\t<\/div>\r\n<\/div>\r\n<\/div>","protected":false},"excerpt":{"rendered":"Pre\u00eenc\u0103lzi\u021bi cuptorul la 200C\/180C cu ventilator. Tapeta\u021bi 2 t\u0103vi cu h\u00e2rtie de copt. 10 ingrediente 100 g de prosciutto feliat 200 g de p\u00e2ine, rupt\u0103 \u00een buc\u0103\u021bi mici O salat\u0103 verde Felii de avocado Ou\u0103 fierte tari, t\u0103iate \u00een jum\u0103tate Parmezan ras Dressing pentru salat\u0103 greceasc\u0103 Ulei de m\u0103sline Arpagic proasp\u0103t tocat Sare Mod de [...]","protected":false},"author":1,"featured_media":0,"parent":0,"menu_order":15,"comment_status":"closed","ping_status":"closed","template":"","meta":{"_acf_changed":false,"footnotes":""},"class_list":["post-10399","page","type-page","status-publish","hentry"],"acf":[],"yoast_head":"<!-- This site is optimized with the Yoast SEO plugin v22.8 - https:\/\/yoast.com\/wordpress\/plugins\/seo\/ -->\n<title>Blog - Foodie&#039;s Nutrition<\/title>\n<meta name=\"robots\" content=\"index, follow, max-snippet:-1, max-image-preview:large, max-video-preview:-1\" \/>\n<link rel=\"canonical\" href=\"https:\/\/foodiesnutrition.ro\/hu\/blog\/\" \/>\n<meta property=\"og:locale\" content=\"hu_HU\" \/>\n<meta property=\"og:type\" content=\"article\" \/>\n<meta property=\"og:title\" content=\"Blog - Foodie&#039;s Nutrition\" \/>\n<meta property=\"og:url\" content=\"https:\/\/foodiesnutrition.ro\/hu\/blog\/\" \/>\n<meta property=\"og:site_name\" content=\"Foodie&#039;s Nutrition\" \/>\n<meta property=\"article:modified_time\" content=\"2022-07-13T11:28:31+00:00\" \/>\n<meta name=\"twitter:card\" content=\"summary_large_image\" \/>\n<script type=\"application\/ld+json\" class=\"yoast-schema-graph\">{\"@context\":\"https:\/\/schema.org\",\"@graph\":[{\"@type\":\"WebPage\",\"@id\":\"https:\/\/foodiesnutrition.ro\/blog\/\",\"url\":\"https:\/\/foodiesnutrition.ro\/blog\/\",\"name\":\"Blog - Foodie&#039;s Nutrition\",\"isPartOf\":{\"@id\":\"https:\/\/foodiesnutrition.ro\/#website\"},\"datePublished\":\"2019-06-18T06:15:17+00:00\",\"dateModified\":\"2022-07-13T11:28:31+00:00\",\"breadcrumb\":{\"@id\":\"https:\/\/foodiesnutrition.ro\/blog\/#breadcrumb\"},\"inLanguage\":\"hu\",\"potentialAction\":[{\"@type\":\"ReadAction\",\"target\":[\"https:\/\/foodiesnutrition.ro\/blog\/\"]}]},{\"@type\":\"BreadcrumbList\",\"@id\":\"https:\/\/foodiesnutrition.ro\/blog\/#breadcrumb\",\"itemListElement\":[{\"@type\":\"ListItem\",\"position\":1,\"name\":\"Prima pagin\u0103\",\"item\":\"https:\/\/foodiesnutrition.ro\/\"},{\"@type\":\"ListItem\",\"position\":2,\"name\":\"Blog\"}]},{\"@type\":\"WebSite\",\"@id\":\"https:\/\/foodiesnutrition.ro\/#website\",\"url\":\"https:\/\/foodiesnutrition.ro\/\",\"name\":\"Foodie&#039;s Nutrition\",\"description\":\"Consiliere nutri\u021bional\u0103 pentru o via\u021b\u0103 mai s\u0103n\u0103toas\u0103.\",\"potentialAction\":[{\"@type\":\"SearchAction\",\"target\":{\"@type\":\"EntryPoint\",\"urlTemplate\":\"https:\/\/foodiesnutrition.ro\/?s={search_term_string}\"},\"query-input\":\"required name=search_term_string\"}],\"inLanguage\":\"hu\"}]}<\/script>\n<!-- \/ Yoast SEO plugin. -->","yoast_head_json":{"title":"Blog - Foodie&#039;s Nutrition","robots":{"index":"index","follow":"follow","max-snippet":"max-snippet:-1","max-image-preview":"max-image-preview:large","max-video-preview":"max-video-preview:-1"},"canonical":"https:\/\/foodiesnutrition.ro\/hu\/blog\/","og_locale":"hu_HU","og_type":"article","og_title":"Blog - Foodie&#039;s Nutrition","og_url":"https:\/\/foodiesnutrition.ro\/hu\/blog\/","og_site_name":"Foodie&#039;s Nutrition","article_modified_time":"2022-07-13T11:28:31+00:00","twitter_card":"summary_large_image","schema":{"@context":"https:\/\/schema.org","@graph":[{"@type":"WebPage","@id":"https:\/\/foodiesnutrition.ro\/blog\/","url":"https:\/\/foodiesnutrition.ro\/blog\/","name":"Blog - Foodie&#039;s Nutrition","isPartOf":{"@id":"https:\/\/foodiesnutrition.ro\/#website"},"datePublished":"2019-06-18T06:15:17+00:00","dateModified":"2022-07-13T11:28:31+00:00","breadcrumb":{"@id":"https:\/\/foodiesnutrition.ro\/blog\/#breadcrumb"},"inLanguage":"hu","potentialAction":[{"@type":"ReadAction","target":["https:\/\/foodiesnutrition.ro\/blog\/"]}]},{"@type":"BreadcrumbList","@id":"https:\/\/foodiesnutrition.ro\/blog\/#breadcrumb","itemListElement":[{"@type":"ListItem","position":1,"name":"Prima pagin\u0103","item":"https:\/\/foodiesnutrition.ro\/"},{"@type":"ListItem","position":2,"name":"Blog"}]},{"@type":"WebSite","@id":"https:\/\/foodiesnutrition.ro\/#website","url":"https:\/\/foodiesnutrition.ro\/","name":"Foodie&#039;s Nutrition","description":"Consiliere nutri\u021bional\u0103 pentru o via\u021b\u0103 mai s\u0103n\u0103toas\u0103.","potentialAction":[{"@type":"SearchAction","target":{"@type":"EntryPoint","urlTemplate":"https:\/\/foodiesnutrition.ro\/?s={search_term_string}"},"query-input":"required name=search_term_string"}],"inLanguage":"hu"}]}},"_links":{"self":[{"href":"https:\/\/foodiesnutrition.ro\/hu\/wp-json\/wp\/v2\/pages\/10399","targetHints":{"allow":["GET"]}}],"collection":[{"href":"https:\/\/foodiesnutrition.ro\/hu\/wp-json\/wp\/v2\/pages"}],"about":[{"href":"https:\/\/foodiesnutrition.ro\/hu\/wp-json\/wp\/v2\/types\/page"}],"author":[{"embeddable":true,"href":"https:\/\/foodiesnutrition.ro\/hu\/wp-json\/wp\/v2\/users\/1"}],"replies":[{"embeddable":true,"href":"https:\/\/foodiesnutrition.ro\/hu\/wp-json\/wp\/v2\/comments?post=10399"}],"version-history":[{"count":6,"href":"https:\/\/foodiesnutrition.ro\/hu\/wp-json\/wp\/v2\/pages\/10399\/revisions"}],"predecessor-version":[{"id":11403,"href":"https:\/\/foodiesnutrition.ro\/hu\/wp-json\/wp\/v2\/pages\/10399\/revisions\/11403"}],"wp:attachment":[{"href":"https:\/\/foodiesnutrition.ro\/hu\/wp-json\/wp\/v2\/media?parent=10399"}],"curies":[{"name":"wp","href":"https:\/\/api.w.org\/{rel}","templated":true}]}}