{"id":10422,"date":"2019-06-18T08:52:30","date_gmt":"2019-06-18T08:52:30","guid":{"rendered":"http:\/\/nutrical-demo.creativesplanet.com\/nutrition\/?page_id=10422"},"modified":"2019-06-18T08:52:30","modified_gmt":"2019-06-18T08:52:30","slug":"project-style-1","status":"publish","type":"page","link":"https:\/\/foodiesnutrition.ro\/hu\/project-style-1\/","title":{"rendered":"Project Style 1"},"content":{"rendered":"<div class=\"vc_row wpb_row vc_row-fluid cspt-row cspt-bg-color-yes cspt-bg-color-white cspt-zindex-zero\">\r\n\t\t\t<div class=\"wpb_column vc_column_container vc_col-sm-12 cspt-column cspt-bg-color-yes cspt-bg-color-transparent cspt-zindex-zero\">\r\n\t<div class=\"vc_column-inner\">\r\n\t\t\t<div class=\"wpb_wrapper\">\r\n\t\t\t<div  class=\"creativesplanet-element creativesplanet-element-portfolio cspt-element-portfolio-style-1 creativesplanet-element-viewtype-row-column cspt-sortable-no\" data-show=\"9\" data-columns=\"3\" data-loop=\"false\" data-autoplay=\"false\" data-center=\"false\" data-nav=\"false\" data-dots=\"false\" data-autoplayspeed=\"1000\" data-margin=\"\"><div class=\"creativesplanet-element-inner\"><div class=\"cspt-ele-header-area\"><\/div><div class=\"cspt-element-posts-wrapper row multi-columns-row\"><div class=\"cspt-ele cspt-portfolio-ele col-md-4 fitness\"><article class=\"creativesplanet-ele creativesplanet-ele-portfolio cspt-portfolio-style-1 creativesplanet-overlay-box\">\r\n\t<div class=\"creativesplanet-post-item\">\r\n\t\t<div class=\"cspt-featured-wrapper\"><a href=\"https:\/\/foodiesnutrition.ro\/hu\/portfolio\/yoga-for-strength\/\"><img loading=\"lazy\" decoding=\"async\" width=\"600\" height=\"800\" src=\"https:\/\/foodiesnutrition.ro\/wp-content\/uploads\/2019\/05\/img-2-1-600x800.jpg\" class=\"attachment-cspt-img-600x800 size-cspt-img-600x800 wp-post-image\" alt=\"\" data-id=\"10920\" \/><\/a><\/div>\t\t<div class=\"creativesplanet-box-content creativesplanet-overlay\">\r\n            <div class=\"creativesplanet-box-content-inner\">\t\t\t  \r\n           \t\t<div class=\"creativesplanet-icon-box creativesplanet-media-link\">\t\t\t  \t\r\n\t\t\t\t\t\t\t\t\t\t<a class=\"cspt-lightbox\" title=\"Yoga for Strength\" href=\"https:\/\/foodiesnutrition.ro\/wp-content\/uploads\/2019\/05\/img-2-1.jpg\"><i class=\"cspt-base-icon-plus\"><\/i><\/a>\r\n\t\t\t\t\t\t\t\t\t<\/div>\r\n\t\t\t\t<div class=\"creativesplanet-titlebox\">\r\n\t\t\t\t\t<div class=\"cspt-port-cat\"><a href=\"https:\/\/foodiesnutrition.ro\/hu\/portfolio-category\/fitness\/\" rel=\"tag\">Fitness<\/a><\/div>\r\n\t\t\t\t\t<h3 class=\"cspt-portfolio-title\"><a href=\"https:\/\/foodiesnutrition.ro\/hu\/portfolio\/yoga-for-strength\/\">Yoga for Strength<\/a><\/h3>\r\n\t\t\t\t<\/div>\r\n            <\/div>\t\t\t\r\n\t\t<\/div>\r\n\t<\/div>\r\n<\/article><\/div><div class=\"cspt-ele cspt-portfolio-ele col-md-4 diet\"><article class=\"creativesplanet-ele creativesplanet-ele-portfolio cspt-portfolio-style-1 creativesplanet-overlay-box\">\r\n\t<div class=\"creativesplanet-post-item\">\r\n\t\t<div class=\"cspt-featured-wrapper\"><a href=\"https:\/\/foodiesnutrition.ro\/hu\/portfolio\/athletic-training\/\"><img loading=\"lazy\" decoding=\"async\" width=\"600\" height=\"800\" src=\"https:\/\/foodiesnutrition.ro\/wp-content\/uploads\/2019\/05\/img-1-1-600x800.jpg\" class=\"attachment-cspt-img-600x800 size-cspt-img-600x800 wp-post-image\" alt=\"\" data-id=\"10919\" \/><\/a><\/div>\t\t<div class=\"creativesplanet-box-content creativesplanet-overlay\">\r\n            <div class=\"creativesplanet-box-content-inner\">\t\t\t  \r\n           \t\t<div class=\"creativesplanet-icon-box creativesplanet-media-link\">\t\t\t  \t\r\n\t\t\t\t\t\t\t\t\t\t<a class=\"cspt-lightbox\" title=\"Athletic Training\" href=\"https:\/\/foodiesnutrition.ro\/wp-content\/uploads\/2019\/05\/img-1-1.jpg\"><i class=\"cspt-base-icon-plus\"><\/i><\/a>\r\n\t\t\t\t\t\t\t\t\t<\/div>\r\n\t\t\t\t<div class=\"creativesplanet-titlebox\">\r\n\t\t\t\t\t<div class=\"cspt-port-cat\"><a href=\"https:\/\/foodiesnutrition.ro\/hu\/portfolio-category\/diet\/\" rel=\"tag\">Diet<\/a><\/div>\r\n\t\t\t\t\t<h3 class=\"cspt-portfolio-title\"><a href=\"https:\/\/foodiesnutrition.ro\/hu\/portfolio\/athletic-training\/\">Athletic Training<\/a><\/h3>\r\n\t\t\t\t<\/div>\r\n            <\/div>\t\t\t\r\n\t\t<\/div>\r\n\t<\/div>\r\n<\/article><\/div><div class=\"cspt-ele cspt-portfolio-ele col-md-4 health\"><article class=\"creativesplanet-ele creativesplanet-ele-portfolio cspt-portfolio-style-1 creativesplanet-overlay-box\">\r\n\t<div class=\"creativesplanet-post-item\">\r\n\t\t<div class=\"cspt-featured-wrapper\"><a href=\"https:\/\/foodiesnutrition.ro\/hu\/portfolio\/pregnancy-diet\/\"><img loading=\"lazy\" decoding=\"async\" width=\"600\" height=\"800\" src=\"https:\/\/foodiesnutrition.ro\/wp-content\/uploads\/2019\/05\/img-2-1-600x800.jpg\" class=\"attachment-cspt-img-600x800 size-cspt-img-600x800 wp-post-image\" alt=\"\" data-id=\"10920\" \/><\/a><\/div>\t\t<div class=\"creativesplanet-box-content creativesplanet-overlay\">\r\n            <div class=\"creativesplanet-box-content-inner\">\t\t\t  \r\n           \t\t<div class=\"creativesplanet-icon-box creativesplanet-media-link\">\t\t\t  \t\r\n\t\t\t\t\t\t\t\t\t\t<a class=\"cspt-lightbox\" title=\"Pregnancy Diet\" href=\"https:\/\/foodiesnutrition.ro\/wp-content\/uploads\/2019\/05\/img-2-1.jpg\"><i class=\"cspt-base-icon-plus\"><\/i><\/a>\r\n\t\t\t\t\t\t\t\t\t<\/div>\r\n\t\t\t\t<div class=\"creativesplanet-titlebox\">\r\n\t\t\t\t\t<div class=\"cspt-port-cat\"><a href=\"https:\/\/foodiesnutrition.ro\/hu\/portfolio-category\/health\/\" rel=\"tag\">Health<\/a><\/div>\r\n\t\t\t\t\t<h3 class=\"cspt-portfolio-title\"><a href=\"https:\/\/foodiesnutrition.ro\/hu\/portfolio\/pregnancy-diet\/\">Pregnancy Diet<\/a><\/h3>\r\n\t\t\t\t<\/div>\r\n            <\/div>\t\t\t\r\n\t\t<\/div>\r\n\t<\/div>\r\n<\/article><\/div><div class=\"cspt-ele cspt-portfolio-ele col-md-4 nutritonist\"><article class=\"creativesplanet-ele creativesplanet-ele-portfolio cspt-portfolio-style-1 creativesplanet-overlay-box\">\r\n\t<div class=\"creativesplanet-post-item\">\r\n\t\t<div class=\"cspt-featured-wrapper\"><a href=\"https:\/\/foodiesnutrition.ro\/hu\/portfolio\/begin-with-breakfast\/\"><img loading=\"lazy\" decoding=\"async\" width=\"600\" height=\"800\" src=\"https:\/\/foodiesnutrition.ro\/wp-content\/uploads\/2019\/05\/img-1-1-600x800.jpg\" class=\"attachment-cspt-img-600x800 size-cspt-img-600x800 wp-post-image\" alt=\"\" data-id=\"10919\" \/><\/a><\/div>\t\t<div class=\"creativesplanet-box-content creativesplanet-overlay\">\r\n            <div class=\"creativesplanet-box-content-inner\">\t\t\t  \r\n           \t\t<div class=\"creativesplanet-icon-box creativesplanet-media-link\">\t\t\t  \t\r\n\t\t\t\t\t\t\t\t\t\t<a class=\"cspt-lightbox\" title=\"Begin with Breakfast\" href=\"https:\/\/foodiesnutrition.ro\/wp-content\/uploads\/2019\/05\/img-1-1.jpg\"><i class=\"cspt-base-icon-plus\"><\/i><\/a>\r\n\t\t\t\t\t\t\t\t\t<\/div>\r\n\t\t\t\t<div class=\"creativesplanet-titlebox\">\r\n\t\t\t\t\t<div class=\"cspt-port-cat\"><a href=\"https:\/\/foodiesnutrition.ro\/hu\/portfolio-category\/nutritonist\/\" rel=\"tag\">Nutritonist<\/a><\/div>\r\n\t\t\t\t\t<h3 class=\"cspt-portfolio-title\"><a href=\"https:\/\/foodiesnutrition.ro\/hu\/portfolio\/begin-with-breakfast\/\">Begin with Breakfast<\/a><\/h3>\r\n\t\t\t\t<\/div>\r\n            <\/div>\t\t\t\r\n\t\t<\/div>\r\n\t<\/div>\r\n<\/article><\/div><div class=\"cspt-ele cspt-portfolio-ele col-md-4 fitness\"><article class=\"creativesplanet-ele creativesplanet-ele-portfolio cspt-portfolio-style-1 creativesplanet-overlay-box\">\r\n\t<div class=\"creativesplanet-post-item\">\r\n\t\t<div class=\"cspt-featured-wrapper\"><a href=\"https:\/\/foodiesnutrition.ro\/hu\/portfolio\/physical-activity\/\"><img loading=\"lazy\" decoding=\"async\" width=\"600\" height=\"800\" src=\"https:\/\/foodiesnutrition.ro\/wp-content\/uploads\/2019\/05\/img-2-1-600x800.jpg\" class=\"attachment-cspt-img-600x800 size-cspt-img-600x800 wp-post-image\" alt=\"\" data-id=\"10920\" \/><\/a><\/div>\t\t<div class=\"creativesplanet-box-content creativesplanet-overlay\">\r\n            <div class=\"creativesplanet-box-content-inner\">\t\t\t  \r\n           \t\t<div class=\"creativesplanet-icon-box creativesplanet-media-link\">\t\t\t  \t\r\n\t\t\t\t\t\t\t\t\t\t<a class=\"cspt-lightbox\" title=\"Physical Activity\" href=\"https:\/\/foodiesnutrition.ro\/wp-content\/uploads\/2019\/05\/img-2-1.jpg\"><i class=\"cspt-base-icon-plus\"><\/i><\/a>\r\n\t\t\t\t\t\t\t\t\t<\/div>\r\n\t\t\t\t<div class=\"creativesplanet-titlebox\">\r\n\t\t\t\t\t<div class=\"cspt-port-cat\"><a href=\"https:\/\/foodiesnutrition.ro\/hu\/portfolio-category\/fitness\/\" rel=\"tag\">Fitness<\/a><\/div>\r\n\t\t\t\t\t<h3 class=\"cspt-portfolio-title\"><a href=\"https:\/\/foodiesnutrition.ro\/hu\/portfolio\/physical-activity\/\">Physical Activity<\/a><\/h3>\r\n\t\t\t\t<\/div>\r\n            <\/div>\t\t\t\r\n\t\t<\/div>\r\n\t<\/div>\r\n<\/article><\/div><div class=\"cspt-ele cspt-portfolio-ele col-md-4 diet\"><article class=\"creativesplanet-ele creativesplanet-ele-portfolio cspt-portfolio-style-1 creativesplanet-overlay-box\">\r\n\t<div class=\"creativesplanet-post-item\">\r\n\t\t<div class=\"cspt-featured-wrapper\"><a href=\"https:\/\/foodiesnutrition.ro\/hu\/portfolio\/weight-loss\/\"><img loading=\"lazy\" decoding=\"async\" width=\"600\" height=\"800\" src=\"https:\/\/foodiesnutrition.ro\/wp-content\/uploads\/2019\/05\/img-1-1-600x800.jpg\" class=\"attachment-cspt-img-600x800 size-cspt-img-600x800 wp-post-image\" alt=\"\" data-id=\"10919\" \/><\/a><\/div>\t\t<div class=\"creativesplanet-box-content creativesplanet-overlay\">\r\n            <div class=\"creativesplanet-box-content-inner\">\t\t\t  \r\n           \t\t<div class=\"creativesplanet-icon-box creativesplanet-media-link\">\t\t\t  \t\r\n\t\t\t\t\t\t\t\t\t\t<a class=\"cspt-lightbox\" title=\"Weight Loss\" href=\"https:\/\/foodiesnutrition.ro\/wp-content\/uploads\/2019\/05\/img-1-1.jpg\"><i class=\"cspt-base-icon-plus\"><\/i><\/a>\r\n\t\t\t\t\t\t\t\t\t<\/div>\r\n\t\t\t\t<div class=\"creativesplanet-titlebox\">\r\n\t\t\t\t\t<div class=\"cspt-port-cat\"><a href=\"https:\/\/foodiesnutrition.ro\/hu\/portfolio-category\/diet\/\" rel=\"tag\">Diet<\/a><\/div>\r\n\t\t\t\t\t<h3 class=\"cspt-portfolio-title\"><a href=\"https:\/\/foodiesnutrition.ro\/hu\/portfolio\/weight-loss\/\">Weight Loss<\/a><\/h3>\r\n\t\t\t\t<\/div>\r\n            <\/div>\t\t\t\r\n\t\t<\/div>\r\n\t<\/div>\r\n<\/article><\/div><div class=\"cspt-ele cspt-portfolio-ele col-md-4 nutritonist\"><article class=\"creativesplanet-ele creativesplanet-ele-portfolio cspt-portfolio-style-1 creativesplanet-overlay-box\">\r\n\t<div class=\"creativesplanet-post-item\">\r\n\t\t<div class=\"cspt-featured-wrapper\"><a href=\"https:\/\/foodiesnutrition.ro\/hu\/portfolio\/vegetarian-diet\/\"><img loading=\"lazy\" decoding=\"async\" width=\"600\" height=\"800\" src=\"https:\/\/foodiesnutrition.ro\/wp-content\/uploads\/2019\/05\/img-2-1-600x800.jpg\" class=\"attachment-cspt-img-600x800 size-cspt-img-600x800 wp-post-image\" alt=\"\" data-id=\"10920\" \/><\/a><\/div>\t\t<div class=\"creativesplanet-box-content creativesplanet-overlay\">\r\n            <div class=\"creativesplanet-box-content-inner\">\t\t\t  \r\n           \t\t<div class=\"creativesplanet-icon-box creativesplanet-media-link\">\t\t\t  \t\r\n\t\t\t\t\t\t\t\t\t\t<a class=\"cspt-lightbox\" title=\"Vegetarian Diet\" href=\"https:\/\/foodiesnutrition.ro\/wp-content\/uploads\/2019\/05\/img-2-1.jpg\"><i class=\"cspt-base-icon-plus\"><\/i><\/a>\r\n\t\t\t\t\t\t\t\t\t<\/div>\r\n\t\t\t\t<div class=\"creativesplanet-titlebox\">\r\n\t\t\t\t\t<div class=\"cspt-port-cat\"><a href=\"https:\/\/foodiesnutrition.ro\/hu\/portfolio-category\/nutritonist\/\" rel=\"tag\">Nutritonist<\/a><\/div>\r\n\t\t\t\t\t<h3 class=\"cspt-portfolio-title\"><a href=\"https:\/\/foodiesnutrition.ro\/hu\/portfolio\/vegetarian-diet\/\">Vegetarian Diet<\/a><\/h3>\r\n\t\t\t\t<\/div>\r\n            <\/div>\t\t\t\r\n\t\t<\/div>\r\n\t<\/div>\r\n<\/article><\/div><div class=\"cspt-ele cspt-portfolio-ele col-md-4 diet\"><article class=\"creativesplanet-ele creativesplanet-ele-portfolio cspt-portfolio-style-1 creativesplanet-overlay-box\">\r\n\t<div class=\"creativesplanet-post-item\">\r\n\t\t<div class=\"cspt-featured-wrapper\"><a href=\"https:\/\/foodiesnutrition.ro\/hu\/portfolio\/diet-plans\/\"><img loading=\"lazy\" decoding=\"async\" width=\"600\" height=\"800\" src=\"https:\/\/foodiesnutrition.ro\/wp-content\/uploads\/2019\/05\/img-1-1-600x800.jpg\" class=\"attachment-cspt-img-600x800 size-cspt-img-600x800 wp-post-image\" alt=\"\" data-id=\"10919\" \/><\/a><\/div>\t\t<div class=\"creativesplanet-box-content creativesplanet-overlay\">\r\n            <div class=\"creativesplanet-box-content-inner\">\t\t\t  \r\n           \t\t<div class=\"creativesplanet-icon-box creativesplanet-media-link\">\t\t\t  \t\r\n\t\t\t\t\t\t\t\t\t\t<a class=\"cspt-lightbox\" title=\"Diet Plans\" href=\"https:\/\/foodiesnutrition.ro\/wp-content\/uploads\/2019\/05\/img-1-1.jpg\"><i class=\"cspt-base-icon-plus\"><\/i><\/a>\r\n\t\t\t\t\t\t\t\t\t<\/div>\r\n\t\t\t\t<div class=\"creativesplanet-titlebox\">\r\n\t\t\t\t\t<div class=\"cspt-port-cat\"><a href=\"https:\/\/foodiesnutrition.ro\/hu\/portfolio-category\/diet\/\" rel=\"tag\">Diet<\/a><\/div>\r\n\t\t\t\t\t<h3 class=\"cspt-portfolio-title\"><a href=\"https:\/\/foodiesnutrition.ro\/hu\/portfolio\/diet-plans\/\">Diet Plans<\/a><\/h3>\r\n\t\t\t\t<\/div>\r\n            <\/div>\t\t\t\r\n\t\t<\/div>\r\n\t<\/div>\r\n<\/article><\/div><div class=\"cspt-ele cspt-portfolio-ele col-md-4 health\"><article class=\"creativesplanet-ele creativesplanet-ele-portfolio cspt-portfolio-style-1 creativesplanet-overlay-box\">\r\n\t<div class=\"creativesplanet-post-item\">\r\n\t\t<div class=\"cspt-featured-wrapper\"><a href=\"https:\/\/foodiesnutrition.ro\/hu\/portfolio\/eat-healthy-food\/\"><img loading=\"lazy\" decoding=\"async\" width=\"600\" height=\"800\" src=\"https:\/\/foodiesnutrition.ro\/wp-content\/uploads\/2019\/05\/img-2-1-600x800.jpg\" class=\"attachment-cspt-img-600x800 size-cspt-img-600x800 wp-post-image\" alt=\"\" data-id=\"10920\" \/><\/a><\/div>\t\t<div class=\"creativesplanet-box-content creativesplanet-overlay\">\r\n            <div class=\"creativesplanet-box-content-inner\">\t\t\t  \r\n           \t\t<div class=\"creativesplanet-icon-box creativesplanet-media-link\">\t\t\t  \t\r\n\t\t\t\t\t\t\t\t\t\t<a class=\"cspt-lightbox\" title=\"Eat Healthy Food\" href=\"https:\/\/foodiesnutrition.ro\/wp-content\/uploads\/2019\/05\/img-2-1.jpg\"><i class=\"cspt-base-icon-plus\"><\/i><\/a>\r\n\t\t\t\t\t\t\t\t\t<\/div>\r\n\t\t\t\t<div class=\"creativesplanet-titlebox\">\r\n\t\t\t\t\t<div class=\"cspt-port-cat\"><a href=\"https:\/\/foodiesnutrition.ro\/hu\/portfolio-category\/health\/\" rel=\"tag\">Health<\/a><\/div>\r\n\t\t\t\t\t<h3 class=\"cspt-portfolio-title\"><a href=\"https:\/\/foodiesnutrition.ro\/hu\/portfolio\/eat-healthy-food\/\">Eat Healthy Food<\/a><\/h3>\r\n\t\t\t\t<\/div>\r\n            <\/div>\t\t\t\r\n\t\t<\/div>\r\n\t<\/div>\r\n<\/article><\/div><\/div><\/div><!-- .creativesplanet-element-inner -->   <\/div><!-- .creativesplanet-element -->  \t\t<\/div>\r\n\t<\/div>\r\n<\/div>\r\n<\/div>","protected":false},"excerpt":{"rendered":"Project overview Nutrition is the science that interprets the interaction of nutrients and other substances in food in relation to maintenance, growth, reproduction, health and disease of an organism. It includes food intake, absorption, assimilation, biosynthesis, catabolism, and excretion. Food was classified into \u201chot\u201d and \u201ccold\u201d in China, India, Malaya, and Persia. About the same [...]","protected":false},"author":1,"featured_media":0,"parent":0,"menu_order":12,"comment_status":"closed","ping_status":"closed","template":"","meta":{"_acf_changed":false,"footnotes":""},"class_list":["post-10422","page","type-page","status-publish","hentry"],"acf":[],"yoast_head":"<!-- This site is optimized with the Yoast SEO plugin v22.8 - https:\/\/yoast.com\/wordpress\/plugins\/seo\/ -->\n<title>Project Style 1 - Foodie&#039;s Nutrition<\/title>\n<meta name=\"robots\" content=\"index, follow, max-snippet:-1, max-image-preview:large, max-video-preview:-1\" \/>\n<link rel=\"canonical\" href=\"https:\/\/foodiesnutrition.ro\/hu\/project-style-1\/\" \/>\n<meta property=\"og:locale\" content=\"hu_HU\" \/>\n<meta property=\"og:type\" content=\"article\" \/>\n<meta property=\"og:title\" content=\"Project Style 1 - Foodie&#039;s Nutrition\" \/>\n<meta property=\"og:url\" content=\"https:\/\/foodiesnutrition.ro\/hu\/project-style-1\/\" \/>\n<meta property=\"og:site_name\" content=\"Foodie&#039;s Nutrition\" \/>\n<meta name=\"twitter:card\" content=\"summary_large_image\" \/>\n<script type=\"application\/ld+json\" class=\"yoast-schema-graph\">{\"@context\":\"https:\/\/schema.org\",\"@graph\":[{\"@type\":\"WebPage\",\"@id\":\"https:\/\/foodiesnutrition.ro\/project-style-1\/\",\"url\":\"https:\/\/foodiesnutrition.ro\/project-style-1\/\",\"name\":\"Project Style 1 - Foodie&#039;s Nutrition\",\"isPartOf\":{\"@id\":\"https:\/\/foodiesnutrition.ro\/#website\"},\"datePublished\":\"2019-06-18T08:52:30+00:00\",\"dateModified\":\"2019-06-18T08:52:30+00:00\",\"breadcrumb\":{\"@id\":\"https:\/\/foodiesnutrition.ro\/project-style-1\/#breadcrumb\"},\"inLanguage\":\"hu\",\"potentialAction\":[{\"@type\":\"ReadAction\",\"target\":[\"https:\/\/foodiesnutrition.ro\/project-style-1\/\"]}]},{\"@type\":\"BreadcrumbList\",\"@id\":\"https:\/\/foodiesnutrition.ro\/project-style-1\/#breadcrumb\",\"itemListElement\":[{\"@type\":\"ListItem\",\"position\":1,\"name\":\"Prima pagin\u0103\",\"item\":\"https:\/\/foodiesnutrition.ro\/\"},{\"@type\":\"ListItem\",\"position\":2,\"name\":\"Project Style 1\"}]},{\"@type\":\"WebSite\",\"@id\":\"https:\/\/foodiesnutrition.ro\/#website\",\"url\":\"https:\/\/foodiesnutrition.ro\/\",\"name\":\"Foodie&#039;s Nutrition\",\"description\":\"Consiliere nutri\u021bional\u0103 pentru o via\u021b\u0103 mai s\u0103n\u0103toas\u0103.\",\"potentialAction\":[{\"@type\":\"SearchAction\",\"target\":{\"@type\":\"EntryPoint\",\"urlTemplate\":\"https:\/\/foodiesnutrition.ro\/?s={search_term_string}\"},\"query-input\":\"required name=search_term_string\"}],\"inLanguage\":\"hu\"}]}<\/script>\n<!-- \/ Yoast SEO plugin. -->","yoast_head_json":{"title":"Project Style 1 - Foodie&#039;s Nutrition","robots":{"index":"index","follow":"follow","max-snippet":"max-snippet:-1","max-image-preview":"max-image-preview:large","max-video-preview":"max-video-preview:-1"},"canonical":"https:\/\/foodiesnutrition.ro\/hu\/project-style-1\/","og_locale":"hu_HU","og_type":"article","og_title":"Project Style 1 - Foodie&#039;s Nutrition","og_url":"https:\/\/foodiesnutrition.ro\/hu\/project-style-1\/","og_site_name":"Foodie&#039;s Nutrition","twitter_card":"summary_large_image","schema":{"@context":"https:\/\/schema.org","@graph":[{"@type":"WebPage","@id":"https:\/\/foodiesnutrition.ro\/project-style-1\/","url":"https:\/\/foodiesnutrition.ro\/project-style-1\/","name":"Project Style 1 - Foodie&#039;s Nutrition","isPartOf":{"@id":"https:\/\/foodiesnutrition.ro\/#website"},"datePublished":"2019-06-18T08:52:30+00:00","dateModified":"2019-06-18T08:52:30+00:00","breadcrumb":{"@id":"https:\/\/foodiesnutrition.ro\/project-style-1\/#breadcrumb"},"inLanguage":"hu","potentialAction":[{"@type":"ReadAction","target":["https:\/\/foodiesnutrition.ro\/project-style-1\/"]}]},{"@type":"BreadcrumbList","@id":"https:\/\/foodiesnutrition.ro\/project-style-1\/#breadcrumb","itemListElement":[{"@type":"ListItem","position":1,"name":"Prima pagin\u0103","item":"https:\/\/foodiesnutrition.ro\/"},{"@type":"ListItem","position":2,"name":"Project Style 1"}]},{"@type":"WebSite","@id":"https:\/\/foodiesnutrition.ro\/#website","url":"https:\/\/foodiesnutrition.ro\/","name":"Foodie&#039;s Nutrition","description":"Consiliere nutri\u021bional\u0103 pentru o via\u021b\u0103 mai s\u0103n\u0103toas\u0103.","potentialAction":[{"@type":"SearchAction","target":{"@type":"EntryPoint","urlTemplate":"https:\/\/foodiesnutrition.ro\/?s={search_term_string}"},"query-input":"required name=search_term_string"}],"inLanguage":"hu"}]}},"_links":{"self":[{"href":"https:\/\/foodiesnutrition.ro\/hu\/wp-json\/wp\/v2\/pages\/10422","targetHints":{"allow":["GET"]}}],"collection":[{"href":"https:\/\/foodiesnutrition.ro\/hu\/wp-json\/wp\/v2\/pages"}],"about":[{"href":"https:\/\/foodiesnutrition.ro\/hu\/wp-json\/wp\/v2\/types\/page"}],"author":[{"embeddable":true,"href":"https:\/\/foodiesnutrition.ro\/hu\/wp-json\/wp\/v2\/users\/1"}],"replies":[{"embeddable":true,"href":"https:\/\/foodiesnutrition.ro\/hu\/wp-json\/wp\/v2\/comments?post=10422"}],"version-history":[{"count":0,"href":"https:\/\/foodiesnutrition.ro\/hu\/wp-json\/wp\/v2\/pages\/10422\/revisions"}],"wp:attachment":[{"href":"https:\/\/foodiesnutrition.ro\/hu\/wp-json\/wp\/v2\/media?parent=10422"}],"curies":[{"name":"wp","href":"https:\/\/api.w.org\/{rel}","templated":true}]}}