{"id":11032,"date":"2022-07-07T06:35:53","date_gmt":"2022-07-07T06:35:53","guid":{"rendered":"https:\/\/foodiesnutrition.ro\/?page_id=11032"},"modified":"2022-07-07T06:35:53","modified_gmt":"2022-07-07T06:35:53","slug":"finalizare","status":"publish","type":"page","link":"https:\/\/foodiesnutrition.ro\/hu\/finalizare\/","title":{"rendered":"Finalizare"},"content":{"rendered":"[woocommerce_checkout]","protected":false},"excerpt":{"rendered":"[woocommerce_checkout]","protected":false},"author":1,"featured_media":0,"parent":0,"menu_order":0,"comment_status":"closed","ping_status":"closed","template":"","meta":{"_acf_changed":false,"footnotes":""},"class_list":["post-11032","page","type-page","status-publish","hentry"],"acf":[],"yoast_head":"<!-- This site is optimized with the Yoast SEO plugin v22.8 - https:\/\/yoast.com\/wordpress\/plugins\/seo\/ -->\n<title>Finalizare - Foodie&#039;s Nutrition<\/title>\n<meta name=\"robots\" content=\"index, follow, max-snippet:-1, max-image-preview:large, max-video-preview:-1\" \/>\n<link rel=\"canonical\" href=\"https:\/\/foodiesnutrition.ro\/hu\/finalizare\/\" \/>\n<meta property=\"og:locale\" content=\"hu_HU\" \/>\n<meta property=\"og:type\" content=\"article\" \/>\n<meta property=\"og:title\" content=\"Finalizare - Foodie&#039;s Nutrition\" \/>\n<meta property=\"og:url\" content=\"https:\/\/foodiesnutrition.ro\/hu\/finalizare\/\" \/>\n<meta property=\"og:site_name\" content=\"Foodie&#039;s Nutrition\" \/>\n<meta name=\"twitter:card\" content=\"summary_large_image\" \/>\n<script type=\"application\/ld+json\" class=\"yoast-schema-graph\">{\"@context\":\"https:\/\/schema.org\",\"@graph\":[{\"@type\":\"WebPage\",\"@id\":\"https:\/\/foodiesnutrition.ro\/finalizare\/\",\"url\":\"https:\/\/foodiesnutrition.ro\/finalizare\/\",\"name\":\"Finalizare - Foodie&#039;s Nutrition\",\"isPartOf\":{\"@id\":\"https:\/\/foodiesnutrition.ro\/#website\"},\"datePublished\":\"2022-07-07T06:35:53+00:00\",\"dateModified\":\"2022-07-07T06:35:53+00:00\",\"breadcrumb\":{\"@id\":\"https:\/\/foodiesnutrition.ro\/finalizare\/#breadcrumb\"},\"inLanguage\":\"hu\",\"potentialAction\":[{\"@type\":\"ReadAction\",\"target\":[\"https:\/\/foodiesnutrition.ro\/finalizare\/\"]}]},{\"@type\":\"BreadcrumbList\",\"@id\":\"https:\/\/foodiesnutrition.ro\/finalizare\/#breadcrumb\",\"itemListElement\":[{\"@type\":\"ListItem\",\"position\":1,\"name\":\"Prima pagin\u0103\",\"item\":\"https:\/\/foodiesnutrition.ro\/\"},{\"@type\":\"ListItem\",\"position\":2,\"name\":\"Finalizare\"}]},{\"@type\":\"WebSite\",\"@id\":\"https:\/\/foodiesnutrition.ro\/#website\",\"url\":\"https:\/\/foodiesnutrition.ro\/\",\"name\":\"Foodie&#039;s Nutrition\",\"description\":\"Consiliere nutri\u021bional\u0103 pentru o via\u021b\u0103 mai s\u0103n\u0103toas\u0103.\",\"potentialAction\":[{\"@type\":\"SearchAction\",\"target\":{\"@type\":\"EntryPoint\",\"urlTemplate\":\"https:\/\/foodiesnutrition.ro\/?s={search_term_string}\"},\"query-input\":\"required name=search_term_string\"}],\"inLanguage\":\"hu\"}]}<\/script>\n<!-- \/ Yoast SEO plugin. -->","yoast_head_json":{"title":"Finalizare - Foodie&#039;s Nutrition","robots":{"index":"index","follow":"follow","max-snippet":"max-snippet:-1","max-image-preview":"max-image-preview:large","max-video-preview":"max-video-preview:-1"},"canonical":"https:\/\/foodiesnutrition.ro\/hu\/finalizare\/","og_locale":"hu_HU","og_type":"article","og_title":"Finalizare - Foodie&#039;s Nutrition","og_url":"https:\/\/foodiesnutrition.ro\/hu\/finalizare\/","og_site_name":"Foodie&#039;s Nutrition","twitter_card":"summary_large_image","schema":{"@context":"https:\/\/schema.org","@graph":[{"@type":"WebPage","@id":"https:\/\/foodiesnutrition.ro\/finalizare\/","url":"https:\/\/foodiesnutrition.ro\/finalizare\/","name":"Finalizare - Foodie&#039;s Nutrition","isPartOf":{"@id":"https:\/\/foodiesnutrition.ro\/#website"},"datePublished":"2022-07-07T06:35:53+00:00","dateModified":"2022-07-07T06:35:53+00:00","breadcrumb":{"@id":"https:\/\/foodiesnutrition.ro\/finalizare\/#breadcrumb"},"inLanguage":"hu","potentialAction":[{"@type":"ReadAction","target":["https:\/\/foodiesnutrition.ro\/finalizare\/"]}]},{"@type":"BreadcrumbList","@id":"https:\/\/foodiesnutrition.ro\/finalizare\/#breadcrumb","itemListElement":[{"@type":"ListItem","position":1,"name":"Prima pagin\u0103","item":"https:\/\/foodiesnutrition.ro\/"},{"@type":"ListItem","position":2,"name":"Finalizare"}]},{"@type":"WebSite","@id":"https:\/\/foodiesnutrition.ro\/#website","url":"https:\/\/foodiesnutrition.ro\/","name":"Foodie&#039;s Nutrition","description":"Consiliere nutri\u021bional\u0103 pentru o via\u021b\u0103 mai s\u0103n\u0103toas\u0103.","potentialAction":[{"@type":"SearchAction","target":{"@type":"EntryPoint","urlTemplate":"https:\/\/foodiesnutrition.ro\/?s={search_term_string}"},"query-input":"required name=search_term_string"}],"inLanguage":"hu"}]}},"_links":{"self":[{"href":"https:\/\/foodiesnutrition.ro\/hu\/wp-json\/wp\/v2\/pages\/11032","targetHints":{"allow":["GET"]}}],"collection":[{"href":"https:\/\/foodiesnutrition.ro\/hu\/wp-json\/wp\/v2\/pages"}],"about":[{"href":"https:\/\/foodiesnutrition.ro\/hu\/wp-json\/wp\/v2\/types\/page"}],"author":[{"embeddable":true,"href":"https:\/\/foodiesnutrition.ro\/hu\/wp-json\/wp\/v2\/users\/1"}],"replies":[{"embeddable":true,"href":"https:\/\/foodiesnutrition.ro\/hu\/wp-json\/wp\/v2\/comments?post=11032"}],"version-history":[{"count":0,"href":"https:\/\/foodiesnutrition.ro\/hu\/wp-json\/wp\/v2\/pages\/11032\/revisions"}],"wp:attachment":[{"href":"https:\/\/foodiesnutrition.ro\/hu\/wp-json\/wp\/v2\/media?parent=11032"}],"curies":[{"name":"wp","href":"https:\/\/api.w.org\/{rel}","templated":true}]}}