{"id":11053,"date":"2022-07-07T08:54:23","date_gmt":"2022-07-07T08:54:23","guid":{"rendered":"https:\/\/foodiesnutrition.ro\/?page_id=11053"},"modified":"2022-07-07T09:37:15","modified_gmt":"2022-07-07T09:37:15","slug":"politica-de-confidentialitate-2","status":"publish","type":"page","link":"https:\/\/foodiesnutrition.ro\/hu\/politica-de-confidentialitate-2\/","title":{"rendered":"Adatv\u00e9delmi politika"},"content":{"rendered":"<h2 class=\"wp-block-heading\">Adatv\u00e9delmi politika<\/h2>\n\n\n\n<p>Az \u00d6n \u00e1ltal felhaszn\u00e1l\u00f3k\u00e9nt\/l\u00e1togat\u00f3k\u00e9nt megadott valamennyi szem\u00e9lyes adatot kiz\u00e1r\u00f3lag az oldalhoz kapcsol\u00f3d\u00f3 szolg\u00e1ltat\u00e1sok optim\u00e1lis felt\u00e9telek mellett t\u00f6rt\u00e9n\u0151 ny\u00fajt\u00e1sa c\u00e9lj\u00e1b\u00f3l dolgozzuk fel.\u00a0<strong>Foodie&#8217;s Nutrition<\/strong>\u00a0(<strong>foodiesnutrition.ro<\/strong>)<br>A regisztr\u00e1ci\u00f3s \u0171rlap kit\u00f6lt\u00e9s\u00e9vel\u00a0<strong>Foodie&#8217;s Nutrition<\/strong>\u00a0(<strong>foodiesnutrition.ro<\/strong>a felhaszn\u00e1l\u00f3 kijelenti, hogy kifejezetten \u00e9s egy\u00e9rtelm\u0171en hozz\u00e1j\u00e1rul ahhoz, hogy szem\u00e9lyes adatait az adminisztr\u00e1torok a j\u00f6v\u0151ben feldolgozz\u00e1k \u00e9s felhaszn\u00e1lj\u00e1k.\u00a0<strong>Foodie&#8217;s Nutrition<\/strong>\u00a0(<strong>foodiesnutrition.ro<\/strong>) a k\u00f6vetkez\u0151 c\u00e9lokra:<\/p>\n\n\n\n<ul class=\"wp-block-list\"><li>Kapcsolatfelv\u00e9tel az \u00fcgyfelekkel;<\/li><li>Megrendel\u00e9s feldolgoz\u00e1sa;<\/li><li>Versenyeken, akci\u00f3kban val\u00f3 r\u00e9szv\u00e9tel;<\/li><li>Nem kereskedelmi vagy adminisztrat\u00edv \u00fczenetek k\u00fcld\u00e9se (az oldal, a felhaszn\u00e1l\u00f3i fi\u00f3k stb. m\u00f3dos\u00edt\u00e1s\u00e1val kapcsolatban);<\/li><li>Aj\u00e1nlatok, prom\u00f3ci\u00f3k, rekl\u00e1m- \u00e9s marketing\u00fczenetek k\u00fcld\u00e9se a tev\u00e9kenys\u00e9ggel kapcsolatban\u00a0<strong><strong>Foodie&#8217;s Nutrition<\/strong>\u00a0(<strong>foodiesnutrition.ro<\/strong>)\u00a0<\/strong>\u00e9s harmadik felek, akikkel\u00a0<strong><strong>Foodie&#8217;s Nutrition<\/strong>\u00a0(<strong>foodiesnutrition.ro<\/strong>)<\/strong> b\u00e1rmilyen (bele\u00e9rtve a kereskedelmi) kapcsolatban \u00e1ll.<\/li><\/ul>\n\n\n\n<p>A v\u00e1llalat meg\u0151rzi a szem\u00e9lyes adatokat, \u00e9s arra haszn\u00e1lja fel, hogy t\u00e1j\u00e9koztassa a felhaszn\u00e1l\u00f3kat a sz\u00e1mla \u00e1llapot\u00e1r\u00f3l a k\u00f6vetkez\u0151 oldalakon\u00a0<strong><strong>Foodie&#8217;s Nutrition<\/strong>\u00a0(<strong>foodiesnutrition.ro<\/strong>)<\/strong> , a megrendel\u00e9sek alakul\u00e1s\u00e1r\u00f3l \u00e9s \u00e1llapot\u00e1r\u00f3l, valamint a k\u00edn\u00e1lt term\u00e9kek \u00e9s szolg\u00e1ltat\u00e1sok \u00e9rt\u00e9kel\u00e9s\u00e9r\u0151l.\u00a0<\/p>\n\n\n\n<p>Az online fizet\u00e9s eset\u00e9n k\u00e9rt inform\u00e1ci\u00f3kra a fizet\u00e9si szolg\u00e1ltat\u00f3k haszn\u00e1lati felt\u00e9telei vonatkoznak, \u00e9s <strong><strong>Foodie&#8217;s Nutrition<\/strong>\u00a0(<strong>foodiesnutrition.ro<\/strong>)<\/strong>\u00a0nem k\u00e9ri \u00e9s nem t\u00e1rolja az \u00d6n k\u00e1rtyaadatait.\u00a0<\/p>\n\n\n\n<p>Ha b\u00e1rmilyen k\u00e9rd\u00e9se akad az adatv\u00e9delmi felt\u00e9telekkel kapcsolatban, k\u00e9rj\u00fck, forduljon hozz\u00e1nk az erre a c\u00e9lra szolg\u00e1l\u00f3 kapcsolatfelv\u00e9teli \u0171rlapon vagy az al\u00e1bbi e-mail c\u00edmen.\u00a0<strong>office@foodiesnutrition<\/strong><strong>.ro<\/strong><\/p>","protected":false},"excerpt":{"rendered":"<p>Politica de confiden\u021bialitate Toate datele personale pe care ni le furnizati in calitate de utilizator\/vizitator beneficiaza de prelucrare numai in scopul oferirii in conditii optime a serviciilor asociate site-ului\u00a0Foodie&#8217;s Nutrition\u00a0(foodiesnutrition.ro)Prin completarea formularului de inregistrare de pe\u00a0Foodie&#8217;s Nutrition\u00a0(foodiesnutrition.ro), utilizatorul declara ca isi da, in mod expres si neechivoc, consimtamantul ca datele sale cu caracter personal sa [&hellip;]<\/p>","protected":false},"author":1,"featured_media":0,"parent":0,"menu_order":0,"comment_status":"closed","ping_status":"closed","template":"","meta":{"_acf_changed":false,"footnotes":""},"class_list":["post-11053","page","type-page","status-publish","hentry"],"acf":[],"yoast_head":"<!-- This site is optimized with the Yoast SEO plugin v22.8 - https:\/\/yoast.com\/wordpress\/plugins\/seo\/ -->\n<title>Politica de confiden\u021bialitate - Foodie&#039;s Nutrition<\/title>\n<meta name=\"robots\" content=\"index, follow, max-snippet:-1, max-image-preview:large, max-video-preview:-1\" \/>\n<link rel=\"canonical\" href=\"https:\/\/foodiesnutrition.ro\/hu\/politica-de-confidentialitate-2\/\" \/>\n<meta property=\"og:locale\" content=\"hu_HU\" \/>\n<meta property=\"og:type\" content=\"article\" \/>\n<meta property=\"og:title\" content=\"Politica de confiden\u021bialitate - Foodie&#039;s Nutrition\" \/>\n<meta property=\"og:description\" content=\"Politica de confiden\u021bialitate Toate datele personale pe care ni le furnizati in calitate de utilizator\/vizitator beneficiaza de prelucrare numai in scopul oferirii in conditii optime a serviciilor asociate site-ului\u00a0Foodie&#8217;s Nutrition\u00a0(foodiesnutrition.ro)Prin completarea formularului de inregistrare de pe\u00a0Foodie&#8217;s Nutrition\u00a0(foodiesnutrition.ro), utilizatorul declara ca isi da, in mod expres si neechivoc, consimtamantul ca datele sale cu caracter personal sa [&hellip;]\" \/>\n<meta property=\"og:url\" content=\"https:\/\/foodiesnutrition.ro\/hu\/politica-de-confidentialitate-2\/\" \/>\n<meta property=\"og:site_name\" content=\"Foodie&#039;s Nutrition\" \/>\n<meta property=\"article:modified_time\" content=\"2022-07-07T09:37:15+00:00\" \/>\n<meta name=\"twitter:card\" content=\"summary_large_image\" \/>\n<meta name=\"twitter:label1\" content=\"Becs\u00fclt olvas\u00e1si id\u0151\" \/>\n\t<meta name=\"twitter:data1\" content=\"1 perc\" \/>\n<script type=\"application\/ld+json\" class=\"yoast-schema-graph\">{\"@context\":\"https:\/\/schema.org\",\"@graph\":[{\"@type\":\"WebPage\",\"@id\":\"https:\/\/foodiesnutrition.ro\/politica-de-confidentialitate-2\/\",\"url\":\"https:\/\/foodiesnutrition.ro\/politica-de-confidentialitate-2\/\",\"name\":\"Politica de confiden\u021bialitate - Foodie&#039;s Nutrition\",\"isPartOf\":{\"@id\":\"https:\/\/foodiesnutrition.ro\/#website\"},\"datePublished\":\"2022-07-07T08:54:23+00:00\",\"dateModified\":\"2022-07-07T09:37:15+00:00\",\"breadcrumb\":{\"@id\":\"https:\/\/foodiesnutrition.ro\/politica-de-confidentialitate-2\/#breadcrumb\"},\"inLanguage\":\"hu\",\"potentialAction\":[{\"@type\":\"ReadAction\",\"target\":[\"https:\/\/foodiesnutrition.ro\/politica-de-confidentialitate-2\/\"]}]},{\"@type\":\"BreadcrumbList\",\"@id\":\"https:\/\/foodiesnutrition.ro\/politica-de-confidentialitate-2\/#breadcrumb\",\"itemListElement\":[{\"@type\":\"ListItem\",\"position\":1,\"name\":\"Prima pagin\u0103\",\"item\":\"https:\/\/foodiesnutrition.ro\/\"},{\"@type\":\"ListItem\",\"position\":2,\"name\":\"Politica de confiden\u021bialitate\"}]},{\"@type\":\"WebSite\",\"@id\":\"https:\/\/foodiesnutrition.ro\/#website\",\"url\":\"https:\/\/foodiesnutrition.ro\/\",\"name\":\"Foodie&#039;s Nutrition\",\"description\":\"Consiliere nutri\u021bional\u0103 pentru o via\u021b\u0103 mai s\u0103n\u0103toas\u0103.\",\"potentialAction\":[{\"@type\":\"SearchAction\",\"target\":{\"@type\":\"EntryPoint\",\"urlTemplate\":\"https:\/\/foodiesnutrition.ro\/?s={search_term_string}\"},\"query-input\":\"required name=search_term_string\"}],\"inLanguage\":\"hu\"}]}<\/script>\n<!-- \/ Yoast SEO plugin. -->","yoast_head_json":{"title":"Politica de confiden\u021bialitate - Foodie&#039;s Nutrition","robots":{"index":"index","follow":"follow","max-snippet":"max-snippet:-1","max-image-preview":"max-image-preview:large","max-video-preview":"max-video-preview:-1"},"canonical":"https:\/\/foodiesnutrition.ro\/hu\/politica-de-confidentialitate-2\/","og_locale":"hu_HU","og_type":"article","og_title":"Politica de confiden\u021bialitate - Foodie&#039;s Nutrition","og_description":"Politica de confiden\u021bialitate Toate datele personale pe care ni le furnizati in calitate de utilizator\/vizitator beneficiaza de prelucrare numai in scopul oferirii in conditii optime a serviciilor asociate site-ului\u00a0Foodie&#8217;s Nutrition\u00a0(foodiesnutrition.ro)Prin completarea formularului de inregistrare de pe\u00a0Foodie&#8217;s Nutrition\u00a0(foodiesnutrition.ro), utilizatorul declara ca isi da, in mod expres si neechivoc, consimtamantul ca datele sale cu caracter personal sa [&hellip;]","og_url":"https:\/\/foodiesnutrition.ro\/hu\/politica-de-confidentialitate-2\/","og_site_name":"Foodie&#039;s Nutrition","article_modified_time":"2022-07-07T09:37:15+00:00","twitter_card":"summary_large_image","twitter_misc":{"Becs\u00fclt olvas\u00e1si id\u0151":"1 perc"},"schema":{"@context":"https:\/\/schema.org","@graph":[{"@type":"WebPage","@id":"https:\/\/foodiesnutrition.ro\/politica-de-confidentialitate-2\/","url":"https:\/\/foodiesnutrition.ro\/politica-de-confidentialitate-2\/","name":"Politica de confiden\u021bialitate - Foodie&#039;s Nutrition","isPartOf":{"@id":"https:\/\/foodiesnutrition.ro\/#website"},"datePublished":"2022-07-07T08:54:23+00:00","dateModified":"2022-07-07T09:37:15+00:00","breadcrumb":{"@id":"https:\/\/foodiesnutrition.ro\/politica-de-confidentialitate-2\/#breadcrumb"},"inLanguage":"hu","potentialAction":[{"@type":"ReadAction","target":["https:\/\/foodiesnutrition.ro\/politica-de-confidentialitate-2\/"]}]},{"@type":"BreadcrumbList","@id":"https:\/\/foodiesnutrition.ro\/politica-de-confidentialitate-2\/#breadcrumb","itemListElement":[{"@type":"ListItem","position":1,"name":"Prima pagin\u0103","item":"https:\/\/foodiesnutrition.ro\/"},{"@type":"ListItem","position":2,"name":"Politica de confiden\u021bialitate"}]},{"@type":"WebSite","@id":"https:\/\/foodiesnutrition.ro\/#website","url":"https:\/\/foodiesnutrition.ro\/","name":"Foodie&#039;s Nutrition","description":"Consiliere nutri\u021bional\u0103 pentru o via\u021b\u0103 mai s\u0103n\u0103toas\u0103.","potentialAction":[{"@type":"SearchAction","target":{"@type":"EntryPoint","urlTemplate":"https:\/\/foodiesnutrition.ro\/?s={search_term_string}"},"query-input":"required name=search_term_string"}],"inLanguage":"hu"}]}},"_links":{"self":[{"href":"https:\/\/foodiesnutrition.ro\/hu\/wp-json\/wp\/v2\/pages\/11053","targetHints":{"allow":["GET"]}}],"collection":[{"href":"https:\/\/foodiesnutrition.ro\/hu\/wp-json\/wp\/v2\/pages"}],"about":[{"href":"https:\/\/foodiesnutrition.ro\/hu\/wp-json\/wp\/v2\/types\/page"}],"author":[{"embeddable":true,"href":"https:\/\/foodiesnutrition.ro\/hu\/wp-json\/wp\/v2\/users\/1"}],"replies":[{"embeddable":true,"href":"https:\/\/foodiesnutrition.ro\/hu\/wp-json\/wp\/v2\/comments?post=11053"}],"version-history":[{"count":2,"href":"https:\/\/foodiesnutrition.ro\/hu\/wp-json\/wp\/v2\/pages\/11053\/revisions"}],"predecessor-version":[{"id":11079,"href":"https:\/\/foodiesnutrition.ro\/hu\/wp-json\/wp\/v2\/pages\/11053\/revisions\/11079"}],"wp:attachment":[{"href":"https:\/\/foodiesnutrition.ro\/hu\/wp-json\/wp\/v2\/media?parent=11053"}],"curies":[{"name":"wp","href":"https:\/\/api.w.org\/{rel}","templated":true}]}}