{"id":93,"date":"2019-06-06T11:38:02","date_gmt":"2019-06-06T11:38:02","guid":{"rendered":"http:\/\/nutrical-demo.creativesplanet.com\/nutrition\/?page_id=93"},"modified":"2022-08-03T20:13:19","modified_gmt":"2022-08-03T20:13:19","slug":"despre-noi","status":"publish","type":"page","link":"https:\/\/foodiesnutrition.ro\/hu\/despre-noi\/","title":{"rendered":"R\u00f3lunk"},"content":{"rendered":"<div data-vc-full-width=\"true\" data-vc-full-width-init=\"false\" class=\"vc_row wpb_row vc_row-fluid cspt-overflow-visible vc_custom_1657734180567 cspt-row cspt-bg-color-yes cspt-bg-color-transparent cspt-zindex-zero cspt-bgimage-position-right-bottom cspt-bgimage-yes vc_row-has-fill vc_row-o-content-middle vc_row-flex\">\r\n\t\t\t<div class=\"cspt-animated-img wpb_column vc_column_container vc_col-sm-6 cspt-column cspt-bg-color-yes cspt-bg-color-transparent cspt-zindex-2 cspt-bgimage-position-right-top cspt-col-stretched-yes cspt-col-stretched-left cspt-col-stretched-content-\">\r\n\t<div class=\"vc_column-inner\">\r\n\t\t\t<div class=\"cspt-stretched-div cspt-stretched-left cspt-bg-color-yes cspt-bg-color-transparent\"  style=\"\"><\/div><!-- .cspt-stretched-div -->\r\n\t\t\t<div class=\"wpb_wrapper\">\r\n\t\t\t\n\t<div  class=\"wpb_single_image wpb_content_element vc_align_left  vc_custom_1657732814248  cspt-effect2-square\">\n\t\t\n\t\t<figure class=\"wpb_wrapper vc_figure\">\n\t\t\t<div class=\"vc_single_image-wrapper   vc_box_border_grey\"><img loading=\"lazy\" decoding=\"async\" class=\"vc_single_image-img\" src=\"https:\/\/foodiesnutrition.ro\/wp-content\/uploads\/2022\/07\/wWhatsApp-Image-2022-07-13-at-6.47.30-PM-550x760.jpg\" width=\"550\" height=\"760\" alt=\"wWhatsApp Image 2022-07-13 at 6.47.30 PM\" title=\"wWhatsApp Image 2022-07-13 at 6.47.30 PM\" \/><\/div>\n\t\t<\/figure>\n\t<\/div>\n\t\t<\/div>\r\n\t<\/div>\r\n<\/div>\r\n<div class=\"wpb_column vc_column_container vc_col-sm-6 cspt-column cspt-bg-color-yes cspt-bg-color-transparent cspt-zindex-zero cspt-responsive-custom-95082676\">\r\n\t<div class=\"vc_column-inner\">\r\n\t\t\t<div class=\"wpb_wrapper\">\r\n\t\t\t<div  class=\"cspt-ihbox cspt-ihbox-style-hsbox   cspt-divider\" >\r\n\t<div class=\"cspt-ihbox-box\">\r\n\t\t<div class=\"cspt-ihbox-contents\">\r\n\t\t\t<div class=\"cspt-ihbox-heading\"><h2 style=\"text-align: left\" class=\"vc_custom_heading\">R\u00f3lunk<\/h2><\/div>\t\t\t\t\t\t\t\t\t\t\t\t\t\t<\/div><!-- .cspt-ihbox-contents -->\r\n\t<\/div>\r\n<\/div>\r\n\n\t<div class=\"wpb_text_column wpb_content_element\" >\n\t\t<div class=\"wpb_wrapper\">\n\t\t\t<p><span lang=\"ro-RO\">Hell\u00f3!<\/span><\/p>\n<p><span lang=\"ro-RO\">Ildi vagyok, \u00e9s nagy gasztron\u00f3mus. Mit jelent ez? Ez azt jelenti, hogy szenved\u00e9lyesen szeretem a j\u00f3, sz\u00ednes \u00e9s v\u00e1ltozatos \u00e9teleket. Mindig nyitott vagyok \u00faj arom\u00e1k \u00e9s \u00edzek kipr\u00f3b\u00e1l\u00e1s\u00e1ra. Ugyanakkor barmikor k\u00e9sz vagyok megkostolni \u00faj \u00e9teleket.<br \/>\nMivel ez a helyzet, meg kellett tal\u00e1lnom a m\u00f3dj\u00e1t annak, hogyan \u00e9lvezhetem a finom \u00e9teleket az eg\u00e9szs\u00e9gem meg\u0151rz\u00e9se mellett. \u00cdgy lettem szenved\u00e9lyes a t\u00e1pl\u00e1lkoz\u00e1s ir\u00e1nt, \u00edgy tanultam t\u00f6bbet az \u00e9lelmiszerek tulajdons\u00e1gair\u00f3l, a helyes bevitelr\u0151l \u00e9s az \u00e9tkez\u00e9s helyes \u00f6sszet\u00e9tel\u00e9r\u0151l.<br \/>\n<\/span><\/p>\n<p><span lang=\"ro-RO\">Minden nap odafigyelek arra, hogy mit mond a testem, mert ha akarunk hallgatni r\u00e1, pontosan azt mondja, hogy mire van sz\u00fcks\u00e9g\u00fcnk. \u00cdgy a t\u00e1pl\u00e1lkoz\u00e1si technikusk\u00e9nt szerzett ismereteimmel egy\u00fctt siker\u00fclt megtal\u00e1lnom az egyens\u00falyt az \u00e9trendemben az eg\u00e9szs\u00e9ges, de v\u00e1ltozatos \u00e9letm\u00f3d \u00e9rdek\u00e9ben, amely a s\u00f3v\u00e1rg\u00e1saimat is kiel\u00e9g\u00edti.<\/span><\/p>\n<p><span lang=\"ro-RO\">Ha \u00fagy \u00e9rzi, hogy hi\u00e1nyzik ez az egyens\u00faly, sz\u00edvesen elk\u00eds\u00e9rem \u00d6nt ezen az \u00faton, hogy pontosan megtal\u00e1ljuk, mi \u00e9s hogyan m\u0171k\u00f6dik \u00d6nnek szem\u00e9lyesen mit jelent az eg\u00e9szs\u00e9ges \u00e9s m\u00e9gis kiel\u00e9g\u00edt\u0151 t\u00e1pl\u00e1lkoz\u00e1s. Az\u00e9rt vagyok itt, hogy egy\u00fctt fedezz\u00fck fel az \u00faj szok\u00e1sait.<\/span><\/p>\n<p><span style=\"color: #1d2a57;\"><span style=\"font-family: Arial, serif;\"><span style=\"font-size: xx-large;\">foodie <\/span><\/span><\/span><span style=\"color: #1d2a57;\"><span style=\"font-family: Arial, serif;\"><span style=\"font-size: small;\"><i><b>noun<\/b><\/i><\/span><\/span><\/span><span style=\"color: #1d2a57;\"><span style=\"font-family: Arial, serif;\"><span style=\"font-size: medium;\">\u00a0 <\/span><\/span><\/span><span style=\"color: #1d2a57;\"><span style=\"font-family: Arial, serif;\"><span style=\"font-size: large;\"><b>a\u00a0<a href=\"https:\/\/dictionary.cambridge.org\/dictionary\/english\/person\" target=\"person\" rel=\"noopener\">person<\/a>\u00a0who\u00a0<a href=\"https:\/\/dictionary.cambridge.org\/dictionary\/english\/love\" target=\"loves\" rel=\"noopener\">loves<\/a>\u00a0<a href=\"https:\/\/dictionary.cambridge.org\/dictionary\/english\/food\" target=\"food\" rel=\"noopener\">food<\/a>\u00a0and is very\u00a0<a href=\"https:\/\/dictionary.cambridge.org\/dictionary\/english\/interested\" target=\"interested\" rel=\"noopener\">interested<\/a> in different <a href=\"https:\/\/dictionary.cambridge.org\/dictionary\/english\/type\" target=\"types\" rel=\"noopener\">types<\/a>\u00a0of\u00a0<a href=\"https:\/\/dictionary.cambridge.org\/dictionary\/english\/food\" target=\"food\" rel=\"noopener\">foo<\/a>d<\/b><\/span><\/span><\/span><\/p>\n\n\t\t<\/div>\n\t<\/div>\n<div class=\"vc_empty_space\"   style=\"height: 50px\"><span class=\"vc_empty_space_inner\"><\/span><\/div>\t\t<\/div>\r\n\t<\/div>\r\n<\/div>\r\n<\/div>\r\n<div class=\"vc_row-full-width vc_clearfix\"><\/div>","protected":false},"excerpt":{"rendered":"Despre noi Salut! Sunt Ildi, \u0219i sunt un mare \u201cfoodie\u201d.Ce \u00eenseamn\u0103 asta? \u00censeamn\u0103 c\u0103 sunt pasionat\u0103 de m\u0103ncarea bun\u0103, colorat\u0103 \u0219i variat\u0103. Sunt deschis\u0103 tot timpul s\u0103 \u00eencerc arome \u0219i gusturi noi. Totodat\u0103, sunt \u0219i pofticioas\u0103 mereu, preg\u0103tit\u0103 s\u0103 m\u0103n\u00e2nc aproape oric\u00e2nd. Fiind astfel, a trebuit s\u0103 \u00eemi caut o cale de a savura m\u00e2nc\u0103ruri [...]","protected":false},"author":1,"featured_media":0,"parent":0,"menu_order":5,"comment_status":"closed","ping_status":"closed","template":"","meta":{"_acf_changed":false,"footnotes":""},"class_list":["post-93","page","type-page","status-publish","hentry"],"acf":[],"yoast_head":"<!-- This site is optimized with the Yoast SEO plugin v22.8 - https:\/\/yoast.com\/wordpress\/plugins\/seo\/ -->\n<title>Despre noi - Foodie&#039;s Nutrition<\/title>\n<meta name=\"robots\" content=\"index, follow, max-snippet:-1, max-image-preview:large, max-video-preview:-1\" \/>\n<link rel=\"canonical\" href=\"https:\/\/foodiesnutrition.ro\/hu\/despre-noi\/\" \/>\n<meta property=\"og:locale\" content=\"hu_HU\" \/>\n<meta property=\"og:type\" content=\"article\" \/>\n<meta property=\"og:title\" content=\"Despre noi - Foodie&#039;s Nutrition\" \/>\n<meta property=\"og:url\" content=\"https:\/\/foodiesnutrition.ro\/hu\/despre-noi\/\" \/>\n<meta property=\"og:site_name\" content=\"Foodie&#039;s Nutrition\" \/>\n<meta property=\"article:modified_time\" content=\"2022-08-03T20:13:19+00:00\" \/>\n<meta name=\"twitter:card\" content=\"summary_large_image\" \/>\n<meta name=\"twitter:label1\" content=\"Becs\u00fclt olvas\u00e1si id\u0151\" \/>\n\t<meta name=\"twitter:data1\" content=\"2 perc\" \/>\n<script type=\"application\/ld+json\" class=\"yoast-schema-graph\">{\"@context\":\"https:\/\/schema.org\",\"@graph\":[{\"@type\":\"WebPage\",\"@id\":\"https:\/\/foodiesnutrition.ro\/despre-noi\/\",\"url\":\"https:\/\/foodiesnutrition.ro\/despre-noi\/\",\"name\":\"Despre noi - Foodie&#039;s Nutrition\",\"isPartOf\":{\"@id\":\"https:\/\/foodiesnutrition.ro\/#website\"},\"datePublished\":\"2019-06-06T11:38:02+00:00\",\"dateModified\":\"2022-08-03T20:13:19+00:00\",\"breadcrumb\":{\"@id\":\"https:\/\/foodiesnutrition.ro\/despre-noi\/#breadcrumb\"},\"inLanguage\":\"hu\",\"potentialAction\":[{\"@type\":\"ReadAction\",\"target\":[\"https:\/\/foodiesnutrition.ro\/despre-noi\/\"]}]},{\"@type\":\"BreadcrumbList\",\"@id\":\"https:\/\/foodiesnutrition.ro\/despre-noi\/#breadcrumb\",\"itemListElement\":[{\"@type\":\"ListItem\",\"position\":1,\"name\":\"Prima pagin\u0103\",\"item\":\"https:\/\/foodiesnutrition.ro\/\"},{\"@type\":\"ListItem\",\"position\":2,\"name\":\"Despre noi\"}]},{\"@type\":\"WebSite\",\"@id\":\"https:\/\/foodiesnutrition.ro\/#website\",\"url\":\"https:\/\/foodiesnutrition.ro\/\",\"name\":\"Foodie&#039;s Nutrition\",\"description\":\"Consiliere nutri\u021bional\u0103 pentru o via\u021b\u0103 mai s\u0103n\u0103toas\u0103.\",\"potentialAction\":[{\"@type\":\"SearchAction\",\"target\":{\"@type\":\"EntryPoint\",\"urlTemplate\":\"https:\/\/foodiesnutrition.ro\/?s={search_term_string}\"},\"query-input\":\"required name=search_term_string\"}],\"inLanguage\":\"hu\"}]}<\/script>\n<!-- \/ Yoast SEO plugin. -->","yoast_head_json":{"title":"Despre noi - Foodie&#039;s Nutrition","robots":{"index":"index","follow":"follow","max-snippet":"max-snippet:-1","max-image-preview":"max-image-preview:large","max-video-preview":"max-video-preview:-1"},"canonical":"https:\/\/foodiesnutrition.ro\/hu\/despre-noi\/","og_locale":"hu_HU","og_type":"article","og_title":"Despre noi - Foodie&#039;s Nutrition","og_url":"https:\/\/foodiesnutrition.ro\/hu\/despre-noi\/","og_site_name":"Foodie&#039;s Nutrition","article_modified_time":"2022-08-03T20:13:19+00:00","twitter_card":"summary_large_image","twitter_misc":{"Becs\u00fclt olvas\u00e1si id\u0151":"2 perc"},"schema":{"@context":"https:\/\/schema.org","@graph":[{"@type":"WebPage","@id":"https:\/\/foodiesnutrition.ro\/despre-noi\/","url":"https:\/\/foodiesnutrition.ro\/despre-noi\/","name":"Despre noi - Foodie&#039;s Nutrition","isPartOf":{"@id":"https:\/\/foodiesnutrition.ro\/#website"},"datePublished":"2019-06-06T11:38:02+00:00","dateModified":"2022-08-03T20:13:19+00:00","breadcrumb":{"@id":"https:\/\/foodiesnutrition.ro\/despre-noi\/#breadcrumb"},"inLanguage":"hu","potentialAction":[{"@type":"ReadAction","target":["https:\/\/foodiesnutrition.ro\/despre-noi\/"]}]},{"@type":"BreadcrumbList","@id":"https:\/\/foodiesnutrition.ro\/despre-noi\/#breadcrumb","itemListElement":[{"@type":"ListItem","position":1,"name":"Prima pagin\u0103","item":"https:\/\/foodiesnutrition.ro\/"},{"@type":"ListItem","position":2,"name":"Despre noi"}]},{"@type":"WebSite","@id":"https:\/\/foodiesnutrition.ro\/#website","url":"https:\/\/foodiesnutrition.ro\/","name":"Foodie&#039;s Nutrition","description":"Consiliere nutri\u021bional\u0103 pentru o via\u021b\u0103 mai s\u0103n\u0103toas\u0103.","potentialAction":[{"@type":"SearchAction","target":{"@type":"EntryPoint","urlTemplate":"https:\/\/foodiesnutrition.ro\/?s={search_term_string}"},"query-input":"required name=search_term_string"}],"inLanguage":"hu"}]}},"_links":{"self":[{"href":"https:\/\/foodiesnutrition.ro\/hu\/wp-json\/wp\/v2\/pages\/93","targetHints":{"allow":["GET"]}}],"collection":[{"href":"https:\/\/foodiesnutrition.ro\/hu\/wp-json\/wp\/v2\/pages"}],"about":[{"href":"https:\/\/foodiesnutrition.ro\/hu\/wp-json\/wp\/v2\/types\/page"}],"author":[{"embeddable":true,"href":"https:\/\/foodiesnutrition.ro\/hu\/wp-json\/wp\/v2\/users\/1"}],"replies":[{"embeddable":true,"href":"https:\/\/foodiesnutrition.ro\/hu\/wp-json\/wp\/v2\/comments?post=93"}],"version-history":[{"count":33,"href":"https:\/\/foodiesnutrition.ro\/hu\/wp-json\/wp\/v2\/pages\/93\/revisions"}],"predecessor-version":[{"id":11678,"href":"https:\/\/foodiesnutrition.ro\/hu\/wp-json\/wp\/v2\/pages\/93\/revisions\/11678"}],"wp:attachment":[{"href":"https:\/\/foodiesnutrition.ro\/hu\/wp-json\/wp\/v2\/media?parent=93"}],"curies":[{"name":"wp","href":"https:\/\/api.w.org\/{rel}","templated":true}]}}